{"id":3,"date":"2019-01-04T11:41:23","date_gmt":"2019-01-04T10:41:23","guid":{"rendered":"https:\/\/hotel-arcadien.com\/?page_id=3"},"modified":"2019-10-09T10:53:25","modified_gmt":"2019-10-09T08:53:25","slug":"mentions-legales","status":"publish","type":"page","link":"http:\/\/hotel-arcadien.com\/zh\/%e6%b3%95%e5%be%8b%e5%a3%b0%e6%98%8e\/","title":{"rendered":"\u6cd5\u5f8b\u58f0\u660e"},"content":{"rendered":"<h3 class=\"wp-block-heading\">\u7f51\u9875\u8bbe\u8ba1\u548c\u5f00\u53d1<\/h3>\n\n\n\n<p>\u4e4c\u8d3c- <a href=\"http:\/\/www.agencesquid.com\">www.agencesquid.com<\/a><\/p>\n\n\n\n<h3 class=\"wp-block-heading\">1. \u6cd5\u5f8b\u4fe1\u606f<\/h3>\n\n\n\n<p>\u8be5\u7f51\u7ad9\u7684\u53d1\u5e03\u8005\u662f Soci\u00e9t\u00e9 H\u00f4teli\u00e8re de Tarentaise\uff0c\u80a1\u672c\u4e3a 10,000 \u6b27\u5143\uff0c\u5728\u5c1a\u8d1d\u91cc\u7684\u8d38\u6613\u548c\u516c\u53f8\u767b\u8bb0\u5904\u6ce8\u518c\u3002\u589e\u503c\u7a0e\u53f7 FR 615 298 232 96<br>\u603b\u516c\u53f8\u4f4d\u4e8e\uff1a213 Avenue de Tarentaise<br>73210 \u827e\u6885\u62c9\u666e\u62c9\u6d85<br>\u7535\u8bdd\uff1a04 79 55 62 93<br><\/p>\n\n\n\n<h3 class=\"wp-block-heading\">2. \u7f51\u7ad9\u6258\u7ba1<\/h3>\n\n\n\n<p>\u7f51\u7ad9 www.hotel-arcadien.com \u7531 OVH, SAS \u516c\u53f8\u6258\u7ba1\uff0c\u8d44\u672c\u4e3a 10,000,000 \u6b27\u5143\uff0c\u5728 Roubaix-Tourcoing \u7684 RCS \u6ce8\u518c\uff0c\u7f16\u53f7\u4e3a 424 761 419 00045\u3002<br>\u603b\u90e8\uff1a2 rue Kellerman 59100 Roubaix France<\/p>\n\n\n\n<h3 class=\"wp-block-heading\">3. \u77e5\u8bc6\u4ea7\u6743<\/h3>\n\n\n\n<p>\u672c\u7f51\u7ad9\u53ca\u5176\u6240\u6709\u5185\u5bb9\uff08\u5c24\u5176\u662f\u5546\u6807\u3001\u5fbd\u6807\u3001\u672c\u7f51\u7ad9\u7684\u4efb\u4f55\u56fe\u5f62\u3001\u6587\u672c\u548c\u8ba1\u7b97\u673a\u5143\u7d20\uff0c\u5c24\u5176\u5305\u62ec\u6811\u72b6\u7ed3\u6784\u3001\u5e03\u5c40\u3001\u6587\u7ae0\u3001\u6f14\u793a\u6587\u7a3f\u3001\u63d2\u56fe\u3001\u7167\u7247\u548c\/\u6216\u4efb\u4f55\u5176\u4ed6\u6587\u4ef6\uff09\u662f\u53d7\u6cd5\u56fd\u548c\u56fd\u9645\u7248\u6743\u548c\u77e5\u8bc6\u4ea7\u6743\u6cd5\u7684\u4fdd\u62a4\u3002<br>\u4e0d\u80fd\u505a\u51fa\u6709\u5229\u4e8e\u7528\u6237\u8bb8\u53ef\u6216\u4f7f\u7528\u8fd9\u4e9b\u5143\u7d20\u7684\u4efb\u4f55\u6743\u5229\u7684\u89e3\u91ca\u3002<br>\u56e0\u6b64\uff0c\u7981\u6b62\u5176\u90e8\u5206\u6216\u5168\u90e8\u7684\u9648\u8ff0\u3001\u590d\u5236\u3001\u5d4c\u5957\u3001\u5206\u53d1\u548c\u8f6c\u64ad\uff08\u300a\u77e5\u8bc6\u4ea7\u6743\u6cd5\u5178\u300b\u7b2c L. 122-4 \u6761\uff09\u3002\u4efb\u4f55\u4eba\u5728\u6ca1\u6709\u83b7\u5f97\u8fd9\u4e9b\u6743\u5229\u6301\u6709\u4eba\u4e8b\u5148\u660e\u786e\u6388\u6743\u7684\u60c5\u51b5\u4e0b\u8fd9\u6837\u505a\uff0c\u5c06\u53d7\u5230\u4e0e\u5047\u5192\u7f6a\u76f8\u5173\u7684\u5904\u7f5a\uff08\u300a\u77e5\u8bc6\u4ea7\u6743\u6cd5\u5178\u300b\u7b2c L. 335-2 \u6761\u548c\u540e\u7eed\u6761\u6b3e\uff09\u3002 Soci\u00e9t\u00e9 H\u00f4teli\u00e8re de Tarentaise \u53ef\u4ee5\u5229\u7528\u5176\u6743\u5229\uff0c\u7279\u522b\u662f\u77e5\u8bc6\u4ea7\u6743\uff0c\u6765\u542f\u52a8\u8bc9\u8bbc\u7a0b\u5e8f\uff0c\u7279\u522b\u662f\u5211\u4e8b\u8bc9\u8bbc\u7a0b\u5e8f\u3002<br>Soci\u00e9t\u00e9 H\u00f4teli\u00e8re de Tarentaise \u4fdd\u7559\u968f\u65f6\u6539\u8fdb\u6216\u4fee\u6539\u7f51\u7ad9\u4e0a\u63cf\u8ff0\u7684\u4fe1\u606f\u3001\u4ea7\u54c1\u3001\u7a0b\u5e8f\u6216\u4f7f\u7528\u6761\u4ef6\u7684\u6743\u5229\uff0c\u4e14\u4e0d\u627f\u62c5\u4efb\u4f55\u8d23\u4efb\u3002\u9002\u7528\u7684\u6761\u4ef6\u548c\u901a\u77e5\u5c06\u5728\u60a8\u8fde\u63a5\u5230\u672c\u7f51\u7ad9\u4e4b\u65e5\u751f\u6548\u3002<\/p>\n\n\n\n<h3 class=\"wp-block-heading\">4.\u8d85\u6587\u672c\u94fe\u63a5<\/h3>\n\n\n\n<p>\u901a\u8fc7\u5728\u5176\u4ed6\u7f51\u7ad9\u7684\u65b9\u5411\u4e0a\u5efa\u7acb\u7684\u8d85\u6587\u672c\u94fe\u63a5\u5c06\u88ab\u91cd\u5b9a\u5411\u5230\u7b2c\u4e09\u65b9\u7f51\u7ad9\u7684\u7528\u6237\u627f\u8ba4\uff0cSoci\u00e9t\u00e9 H\u00f4teli\u00e8re de Tarentaise \u65e0\u6cd5\u63a7\u5236\u8fd9\u4e9b\u7f51\u7ad9\u4e0a\u63d0\u4f9b\u7684\u5185\u5bb9\u3001\u4fe1\u606f\u3001\u4ea7\u54c1\u548c\u670d\u52a1\u3002.\u56e0\u6b64\uff0cSoci\u00e9t\u00e9 H\u00f4teli\u00e8re de Tarentaise \u5bf9\u56e0\u4f7f\u7528\u53ef\u901a\u8fc7\u8d85\u6587\u672c\u94fe\u63a5\u8bbf\u95ee\u7684\u7f51\u7ad9\u800c\u9020\u6210\u7684\u4efb\u4f55\u76f4\u63a5\u6216\u95f4\u63a5\u635f\u5bb3\u6982\u4e0d\u8d1f\u8d23\u3002<br>Soci\u00e9t\u00e9 H\u00f4teli\u00e8re de Tarentaise \u4e5f\u4e0d\u5bf9\u6307\u5411\u672c\u7f51\u7ad9\u7684\u8d85\u6587\u672c\u94fe\u63a5\u8d1f\u8d23\u3002<br>\u4efb\u4f55\u5e0c\u671b\u5efa\u7acb\u6307\u5411\u672c\u7f51\u7ad9\u7684\u8d85\u6587\u672c\u94fe\u63a5\u7684\u4eba\u5fc5\u987b\u4e8b\u5148\u83b7\u5f97 Soci\u00e9t\u00e9 H\u00f4teli\u00e8re de Tarentaise \u7684\u4e66\u9762\u6388\u6743\u3002<\/p>\n\n\n\n<h3 class=\"wp-block-heading\">5. \u4fdd\u4fee\u9650\u5236<\/h3>\n\n\n\n<p>Soci\u00e9t\u00e9 H\u00f4teli\u00e8re de Tarentaise \u63d0\u9192\u4e92\u8054\u7f51\u7528\u6237\u6ce8\u610f\u4e92\u8054\u7f51\u7f51\u7edc\u7684\u7279\u70b9\u548c\u5c40\u9650\u6027\u3002 Soci\u00e9t\u00e9 H\u00f4teli\u00e8re de Tarentaise \u4e0d\u5bf9\u56e0\u8bbf\u95ee\u672c\u7f51\u7ad9\u6216\u65e0\u6cd5\u8bbf\u95ee\u672c\u7f51\u7ad9\u800c\u9020\u6210\u7684\u4efb\u4f55\u635f\u5bb3\u8d1f\u8d23\u3002\u5982\u679c\u7f51\u7ad9\u56e0\u4efb\u4f55\u539f\u56e0\uff08\u6280\u672f\u6545\u969c\u3001\u7f51\u7edc\u62e5\u585e\u7b49\uff09\u4e0d\u53ef\u7528\uff0cSoci\u00e9t\u00e9 H\u00f4teli\u00e8re de Tarentaise \u6982\u4e0d\u8d1f\u8d23\u3002<br>\u7528\u6237\u660e\u786e\u627f\u8ba4\u4f7f\u7528\u672c\u7f51\u7ad9\u9700\u81ea\u884c\u627f\u62c5\u98ce\u9669\u5e76\u627f\u62c5\u5168\u90e8\u8d23\u4efb\u3002 Soci\u00e9t\u00e9 H\u00f4teli\u00e8re de Tarentaise \u4e0d\u5bf9\u7528\u6237\u3001\u4ed6\u4eec\u7684\u8ba1\u7b97\u673a\u6216\u7535\u4fe1\u8bbe\u5907\u3001\u5b58\u50a8\u5728\u5176\u4e2d\u7684\u6570\u636e\u4ee5\u53ca\u7531\u6b64\u53ef\u80fd\u5bf9\u4ed6\u4eec\u7684\u4e2a\u4eba\u6d3b\u52a8\u3001\u4e13\u4e1a\u6216\u5546\u4e1a\u3002<br>\u672c\u7f51\u7ad9\u4e0a\u7684\u4fe1\u606f\u4ec5\u4f9b\u53c2\u8003\u3002\u672c\u7f51\u7ad9\u53d1\u5e03\u7684\u4fe1\u606f\u4f1a\u5b9a\u671f\u66f4\u65b0\u548c\u68c0\u67e5\uff0c\u4f46\u4ecd\u53ef\u80fd\u5305\u542b\u9519\u8bef\u3002\u5728\u4efb\u4f55\u60c5\u51b5\u4e0b\uff0c\u5fc5\u987b\u5728\u5c06\u4fe1\u606f\u653e\u5230\u7f51\u4e0a\u800c\u4e0d\u662f\u5728\u60a8\u8bbf\u95ee\u7f51\u7ad9\u65f6\u8003\u8651\u8fd9\u4e9b\u4fe1\u606f\uff08\u8fd9\u4e9b\u6570\u636e\u53ef\u80fd\u5728\u60a8\u4e0b\u8f7d\u5b83\u548c\u60a8\u9605\u8bfb\u5b83\u7684\u65f6\u95f4\u4e4b\u95f4\u8fdb\u884c\u4e86\u66f4\u65b0\uff09\u3002\u5728\u4efb\u4f55\u60c5\u51b5\u4e0b\uff0c\u7531\u4e8e\u6b64\u4fe1\u606f\uff0c\u65e0\u6cd5\u627f\u62c5 Soci\u00e9t\u00e9 H\u00f4teli\u00e8re de Tarentaise \u7684\u8d23\u4efb\u3002null<\/p>\n\n\n\n<h3 class=\"wp-block-heading\">6. \u7f51\u7ad9\u7684\u4f7f\u7528<\/h3>\n\n\n\n<p>Soci\u00e9t\u00e9 H\u00f4teli\u00e8re de Tarentaise \u63d0\u4f9b\u7684\u7f51\u7ad9\u4e3b\u8981\u4f9b\u5176\u5ba2\u6237\u548c\u4efb\u4f55\u5e0c\u671b\u4e86\u89e3\u548c\u8d2d\u4e70\u5176\u4ea7\u54c1\u548c\u670d\u52a1\u7684\u4eba\u4f7f\u7528\u3002<br>\u5f53\u60a8\u8fde\u63a5\u5230\u7ad9\u70b9\u65f6\uff1a<br>\u2013 \u60a8\u540c\u610f\u9075\u5b88\u8fd9\u4e9b\u6761\u6b3e\u4ee5\u53ca\u66f4\u666e\u904d\u7684\u9002\u7528\u6cd5\u5f8b\uff0c<br>\u2013 \u60a8\u907f\u514d\u6536\u96c6\u3001\u6ee5\u7528\u60a8\u53ef\u4ee5\u8bbf\u95ee\u7684\u4e2a\u4eba\u4fe1\u606f\uff0c\u4e00\u822c\u800c\u8a00\uff0c\u907f\u514d\u4efb\u4f55\u53ef\u80fd\u4f24\u5bb3\u7b2c\u4e09\u65b9\u7684\u884c\u4e3a\u3002<br>\u5f53\u60a8\u586b\u5199\u8868\u683c\u5e76\u63d0\u4f9b\u4fe1\u606f\u65f6\uff0c\u60a8\u540c\u610f\uff1a<br>\u2013 \u5728\u4ed6\u4eec\u8fdb\u5165\u65f6\u63d0\u4f9b\u771f\u5b9e\u3001\u51c6\u786e\u3001\u6700\u65b0\u7684\u4fe1\u606f\uff0c\u5c24\u5176\u662f\u4e0d\u8981\u4f7f\u7528\u865a\u5047\u7684\u59d3\u540d\u3001\u54c1\u8d28\u6216\u5730\u5740\uff0c\u6216\u672a\u7ecf\u6388\u6743\u7684\u59d3\u540d\u3001\u54c1\u8d28\u6216\u5730\u5740\uff0c<br>\u2013 \u66f4\u65b0\u6ce8\u518c\u6570\u636e\uff0c\u4ee5\u6c38\u4e45\u4fdd\u8bc1\u5176\u771f\u5b9e\u548c\u51c6\u786e\u7684\u7279\u5f81\uff0c<br>\u2013 \u4e0d\u63d0\u4f9b\u6216\u5206\u53d1\u975e\u6cd5\u3001\u5e94\u53d7\u8c34\u8d23\u751a\u81f3\u6709\u5bb3\u7684\u4fe1\u606f\u3001\u7a0b\u5e8f\u6216\u5143\u7d20\uff08\u4f8b\u5982\u75c5\u6bd2\u3001\u9ed1\u5ba2\u6216\u590d\u5236\u8f6f\u4ef6\uff09\u3002<br>\u2013 \u4e0d\u4f20\u64ad\u8bfd\u8c24\u3001\u6deb\u79fd\u3001\u66b4\u529b\u3001\u79cd\u65cf\u4e3b\u4e49\u6027\u8d28\u7684\u8bc4\u8bba\u3001\u610f\u89c1\u6216\u4fe1\u606f\uff0c\u66f4\u666e\u904d\u5730\u8fdd\u53cd\u73b0\u884c\u6cd5\u5f8b\u6cd5\u89c4\u3001\u4eba\u8eab\u6743\u5229\u548c\u9053\u5fb7\u3002<br>\u5982\u679c\u8fdd\u53cd\u8fd9\u4e9b\u89c4\u5b9a\uff0cSoci\u00e9t\u00e9 H\u00f4teli\u00e8re de Tarentaise \u4fdd\u7559\u62d2\u7edd\u60a8\u8bbf\u95ee\u672c\u7f51\u7ad9\u6216\u63d0\u4f9b\u7684\u670d\u52a1\u7684\u6743\u5229\uff0c\u5b8c\u5168\u7531\u60a8\u672c\u4eba\u627f\u62c5\uff0c\u4e14\u4e0d\u5f71\u54cd\u4efb\u4f55\u8d23\u4efb\u8bc9\u8bbc\u3002<\/p>\n\n\n\n<p>\u4f7f\u7528\u6536\u96c6\u7684\u4e2a\u4eba\u8d44\u6599<\/p>\n\n\n\n<h3 class=\"wp-block-heading\">7. \u8bc4\u8bba<\/h3>\n\n\n\n<p>\u5f53\u60a8\u5728\u6211\u4eec\u7684\u7f51\u7ad9\u4e0a\u53d1\u8868\u8bc4\u8bba\u65f6\uff0c\u8bc4\u8bba\u8868\u5355\u4e2d\u8f93\u5165\u7684\u6570\u636e\u4ee5\u53ca\u60a8\u7684 IP \u5730\u5740\u548c\u6d4f\u89c8\u5668\u7684\u7528\u6237\u4ee3\u7406\u90fd\u4f1a\u88ab\u6536\u96c6\uff0c\u4ee5\u5e2e\u52a9\u6211\u4eec\u68c0\u6d4b\u4e0d\u9700\u8981\u7684\u8bc4\u8bba\u3002<\/p>\n\n\n\n<p>\u4ece\u60a8\u7684\u7535\u5b50\u90ae\u4ef6\u5730\u5740\u521b\u5efa\u7684\u533f\u540d\u5b57\u7b26\u4e32\uff08\u4e5f\u79f0\u4e3a\u54c8\u5e0c\uff09\u53ef\u4ee5\u53d1\u9001\u5230 Gravatar \u670d\u52a1\u4ee5\u68c0\u67e5\u60a8\u662f\u5426\u6b63\u5728\u4f7f\u7528\u5b83\u3002 Gravatar \u670d\u52a1\u7684\u4fdd\u5bc6\u6761\u6b3e\u53ef\u5728\u6b64\u5904\u83b7\u53d6\uff1ahttps:\/\/automattic.com\/privacy\/\u3002\u9a8c\u8bc1\u60a8\u7684\u8bc4\u8bba\u540e\uff0c\u60a8\u7684\u4e2a\u4eba\u8d44\u6599\u7167\u7247\u5c06\u5728\u60a8\u7684\u8bc4\u8bba\u65c1\u8fb9\u516c\u5f00\u663e\u793a\u3002<\/p>\n\n\n\n<p>\u5982\u679c\u60a8\u662f\u6ce8\u518c\u7528\u6237\u5e76\u4e0a\u4f20\u56fe\u7247\u5230\u7f51\u7ad9\uff0c\u6211\u4eec\u5efa\u8bae\u60a8\u907f\u514d\u4e0a\u4f20\u5305\u542bEXIF GPS\u5750\u6807\u6570\u636e\u7684\u56fe\u7247\u3002\u60a8\u7f51\u7ad9\u7684\u8bbf\u95ee\u8005\u53ef\u4ee5\u4ece\u8fd9\u4e9b\u56fe\u50cf\u4e2d\u4e0b\u8f7d\u548c\u63d0\u53d6\u4f4d\u7f6e\u6570\u636e\u3002<\/p>\n\n\n\n<h3 class=\"wp-block-heading\">8. \u997c\u5e72<\/h3>\n\n\n\n<p>\u5982\u679c\u60a8\u5728\u6211\u4eec\u7684\u7f51\u7ad9\u4e0a\u53d1\u8868\u8bc4\u8bba\uff0c\u6211\u4eec\u4f1a\u5efa\u8bae\u60a8\u5c06\u60a8\u7684\u59d3\u540d\u3001\u7535\u5b50\u90ae\u4ef6\u5730\u5740\u548c\u7f51\u7ad9\u4fdd\u5b58\u5728 cookie \u4e2d\u3002\u8fd9\u53ea\u662f\u4e3a\u4e86\u60a8\u7684\u8212\u9002\uff0c\u8fd9\u6837\u60a8\u4ee5\u540e\u518d\u53d1\u8868\u8bc4\u8bba\u65f6\u5c31\u4e0d\u5fc5\u8f93\u5165\u6b64\u4fe1\u606f\u3002\u8fd9\u4e9b cookie \u4f1a\u5728\u4e00\u5e74\u540e\u8fc7\u671f\u3002<\/p>\n\n\n\n<p>\u5982\u679c\u60a8\u6709\u4e00\u4e2a\u5e10\u6237\u5e76\u8fde\u63a5\u5230\u6b64\u7ad9\u70b9\uff0c\u5c06\u521b\u5efa\u4e00\u4e2a\u4e34\u65f6 cookie \u4ee5\u786e\u5b9a\u60a8\u7684\u6d4f\u89c8\u5668\u662f\u5426\u63a5\u53d7 cookie\u3002\u5b83\u4e0d\u5305\u542b\u4e2a\u4eba\u6570\u636e\uff0c\u5e76\u4e14\u4f1a\u5728\u60a8\u5173\u95ed\u6d4f\u89c8\u5668\u65f6\u81ea\u52a8\u5220\u9664\u3002<\/p>\n\n\n\n<p>\u5f53\u60a8\u767b\u5f55\u65f6\uff0c\u6211\u4eec\u5c06\u8bbe\u7f6e\u4e00\u4e9b cookie \u6765\u4fdd\u5b58\u60a8\u7684\u767b\u5f55\u8be6\u7ec6\u4fe1\u606f\u548c\u5c4f\u5e55\u504f\u597d\u3002\u8fde\u63a5 cookie \u7684\u6709\u6548\u671f\u4e3a\u4e24\u5929\uff0c\u5c4f\u5e55\u9009\u9879 cookie \u7684\u6709\u6548\u671f\u4e3a\u4e00\u5e74\u3002\u5982\u679c\u60a8\u9009\u4e2d\u201c\u8bb0\u4f4f\u6211\u201d\uff0c\u60a8\u7684\u767b\u5f55 cookie \u5c06\u4fdd\u7559\u4e24\u5468\u3002\u5982\u679c\u60a8\u9000\u51fa\u60a8\u7684\u5e10\u6237\uff0c\u767b\u5f55 cookie \u5c06\u88ab\u5220\u9664\u3002<\/p>\n\n\n\n<p>\u901a\u8fc7\u7f16\u8f91\u6216\u53d1\u5e03\u6587\u7ae0\uff0c\u60a8\u7684\u6d4f\u89c8\u5668\u4e2d\u5c06\u4fdd\u5b58\u4e00\u4e2a\u989d\u5916\u7684 cookie\u3002\u6b64 cookie \u4e0d\u5305\u542b\u4efb\u4f55\u4e2a\u4eba\u6570\u636e\u3002\u5b83\u53ea\u662f\u6307\u793a\u60a8\u521a\u521a\u4fee\u6539\u7684\u6587\u7ae0\u7684\u6807\u8bc6\u7b26\u3002\u4e00\u5929\u540e\u8fc7\u671f\u3002<\/p>\n\n\n\n<h3 class=\"wp-block-heading\">9. \u6765\u81ea\u5176\u4ed6\u7f51\u7ad9\u7684\u5d4c\u5165\u5185\u5bb9<\/h3>\n\n\n\n<p>\u672c\u7f51\u7ad9\u4e0a\u7684\u6587\u7ae0\u53ef\u80fd\u5305\u542b\u5d4c\u5165\u5f0f\u5185\u5bb9\uff08\u4f8b\u5982\u89c6\u9891\u3001\u56fe\u50cf\u3001\u6587\u7ae0\u7b49\uff09\u3002\u4ece\u5176\u4ed6\u7ad9\u70b9\u5d4c\u5165\u7684\u5185\u5bb9\u7684\u884c\u4e3a\u65b9\u5f0f\u4e0e\u8bbf\u95ee\u8005\u6765\u5230\u8be5\u5176\u4ed6\u7ad9\u70b9\u7684\u65b9\u5f0f\u76f8\u540c\u3002<\/p>\n\n\n\n<p>\u8fd9\u4e9b\u7f51\u7ad9\u53ef\u4ee5\u6536\u96c6\u6709\u5173\u60a8\u7684\u6570\u636e\u3001\u4f7f\u7528 cookie\u3001\u5d4c\u5165\u7b2c\u4e09\u65b9\u8ddf\u8e2a\u5de5\u5177\u3001\u8ddf\u8e2a\u60a8\u4e0e\u8fd9\u4e9b\u5d4c\u5165\u5185\u5bb9\u7684\u4ea4\u4e92\uff08\u5982\u679c\u60a8\u6709\u8fde\u63a5\u5230\u4ed6\u4eec\u7f51\u7ad9\u7684\u5e10\u6237\uff09\u3002<\/p>\n\n\n\n<h3 class=\"wp-block-heading\">10. \u6570\u636e\u7684\u5b58\u50a8\u65f6\u95f4<\/h3>\n\n\n\n<p>\u5982\u679c\u60a8\u7559\u4e0b\u8bc4\u8bba\uff0c\u8bc4\u8bba\u53ca\u5176\u5143\u6570\u636e\u5c06\u65e0\u9650\u671f\u4fdd\u7559\u3002\u8fd9\u4f1a\u81ea\u52a8\u8bc6\u522b\u5e76\u6279\u51c6\u540e\u7eed\u8bc4\u8bba\uff0c\u800c\u4e0d\u662f\u5c06\u5b83\u4eec\u7559\u5728\u5ba1\u6838\u961f\u5217\u4e2d\u3002<\/p>\n\n\n\n<p>\u5bf9\u4e8e\u5728\u6211\u4eec\u7f51\u7ad9\u4e0a\u6ce8\u518c\u7684\u7528\u6237\uff08\u5982\u679c\u53ef\u80fd\uff09\uff0c\u6211\u4eec\u8fd8\u4f1a\u5b58\u50a8\u4ed6\u4eec\u4e2a\u4eba\u8d44\u6599\u4e2d\u663e\u793a\u7684\u4e2a\u4eba\u6570\u636e\u3002\u6240\u6709\u7528\u6237\u90fd\u53ef\u4ee5\u968f\u65f6\u67e5\u770b\u3001\u4fee\u6539\u6216\u5220\u9664\u5176\u4e2a\u4eba\u4fe1\u606f\uff08\u7528\u6237\u540d\u00b7ice\u9664\u5916\uff09\u3002\u7ad9\u70b9\u7ba1\u7406\u5458\u8fd8\u53ef\u4ee5\u67e5\u770b\u548c\u7f16\u8f91\u6b64\u4fe1\u606f\u3002<\/p>\n\n\n\n<h3 class=\"wp-block-heading\">11. \u60a8\u5bf9\u60a8\u7684\u6570\u636e\u62e5\u6709\u7684\u6743\u5229<\/h3>\n\n\n\n<p>\u5982\u679c\u60a8\u6709\u5e10\u6237\u6216\u5728\u7f51\u7ad9\u4e0a\u7559\u4e0b\u8bc4\u8bba\uff0c\u60a8\u53ef\u4ee5\u8bf7\u6c42\u63a5\u6536\u5305\u542b\u6211\u4eec\u62e5\u6709\u7684\u5173\u4e8e\u60a8\u7684\u6240\u6709\u4e2a\u4eba\u6570\u636e\u7684\u6587\u4ef6\uff0c\u5305\u62ec\u60a8\u63d0\u4f9b\u7ed9\u6211\u4eec\u7684\u4e2a\u4eba\u6570\u636e\u3002\u60a8\u4e5f\u53ef\u4ee5\u8981\u6c42\u5220\u9664\u4e0e\u60a8\u6709\u5173\u7684\u4e2a\u4eba\u6570\u636e\u3002\u8fd9\u4e0d\u8003\u8651\u51fa\u4e8e\u7ba1\u7406\u3001\u6cd5\u5f8b\u6216\u5b89\u5168\u539f\u56e0\u800c\u5b58\u50a8\u7684\u6570\u636e\u3002<\/p>\n\n\n\n<h3 class=\"wp-block-heading\">12. \u4f20\u8f93\u60a8\u7684\u4e2a\u4eba\u6570\u636e<\/h3>\n\n\n\n<p>\u8bbf\u5ba2\u8bc4\u8bba\u53ef\u4ee5\u901a\u8fc7\u81ea\u52a8\u5783\u573e\u90ae\u4ef6\u68c0\u6d4b\u670d\u52a1\u8fdb\u884c\u68c0\u67e5\u3002<\/p>\n\n\n<p><\/p>\n<p>&nbsp;<\/p>","protected":false},"excerpt":{"rendered":"<p>\u7f51\u9875\u8bbe\u8ba1\u548c\u5f00\u53d1 SQUID \u2013 www.agencesquid.com 1. \u6cd5\u5f8b\u4fe1\u606f \u672c\u7f51\u7ad9\u7684\u53d1\u5e03\u8005\u662f Soci\u00e9t\u00e9 H\u00f4teli\u00e8re de Tarentaise\uff0c\u80a1\u672c\u4e3a 10,000 \u6b27\u5143\uff0c\u5728\u5c1a\u8d1d\u91cc\u8d38\u6613\u548c\u516c\u53f8\u6ce8\u518c\u5904\u6ce8\u518c\u3002\u589e\u503c\u7a0e\u53f7 FR 615 298 232 96\u603b\u516c\u53f8\u2026\u2026<\/p>","protected":false},"author":1,"featured_media":0,"parent":0,"menu_order":0,"comment_status":"closed","ping_status":"closed","template":"","meta":{"_exactmetrics_skip_tracking":false,"_exactmetrics_sitenote_active":false,"_exactmetrics_sitenote_note":"","_exactmetrics_sitenote_category":0,"footnotes":""},"_links":{"self":[{"href":"http:\/\/hotel-arcadien.com\/zh\/wp-json\/wp\/v2\/pages\/3"}],"collection":[{"href":"http:\/\/hotel-arcadien.com\/zh\/wp-json\/wp\/v2\/pages"}],"about":[{"href":"http:\/\/hotel-arcadien.com\/zh\/wp-json\/wp\/v2\/types\/page"}],"author":[{"embeddable":true,"href":"http:\/\/hotel-arcadien.com\/zh\/wp-json\/wp\/v2\/users\/1"}],"replies":[{"embeddable":true,"href":"http:\/\/hotel-arcadien.com\/zh\/wp-json\/wp\/v2\/comments?post=3"}],"version-history":[{"count":14,"href":"http:\/\/hotel-arcadien.com\/zh\/wp-json\/wp\/v2\/pages\/3\/revisions"}],"predecessor-version":[{"id":1374,"href":"http:\/\/hotel-arcadien.com\/zh\/wp-json\/wp\/v2\/pages\/3\/revisions\/1374"}],"wp:attachment":[{"href":"http:\/\/hotel-arcadien.com\/zh\/wp-json\/wp\/v2\/media?parent=3"}],"curies":[{"name":"\u53ef\u6e7f\u6027\u7c89\u5242","href":"https:\/\/api.w.org\/{rel}","templated":true}]}}