{"id":3,"date":"2019-01-04T11:41:23","date_gmt":"2019-01-04T10:41:23","guid":{"rendered":"https:\/\/hotel-arcadien.com\/?page_id=3"},"modified":"2019-10-09T10:53:25","modified_gmt":"2019-10-09T08:53:25","slug":"mentions-legales","status":"publish","type":"page","link":"https:\/\/hotel-arcadien.com\/de\/impressum\/","title":{"rendered":"Impressum"},"content":{"rendered":"<h3 class=\"wp-block-heading\">Webdesign und Entwicklung<\/h3>\n\n\n\n<p>TINTENFISCH- <a href=\"http:\/\/www.agencesquid.com\">www.agencesquid.com<\/a><\/p>\n\n\n\n<h3 class=\"wp-block-heading\">1. RECHTLICHE INFORMATIONEN<\/h3>\n\n\n\n<p>Herausgeber der Website ist die Soci\u00e9t\u00e9 H\u00f4teli\u00e8re de Tarentaise mit einem Stammkapital von 10.000 \u20ac, eingetragen im Handels- und Gesellschaftsregister von Chamb\u00e9ry. Mehrwertsteuernummer FR 615 298 232 96<br>Der Hauptsitz befindet sich: 213 Avenue de Tarentaise<br>73210 Aim\u00e9-la-Plagne<br>Tel: 04 79 55 62 93<br><\/p>\n\n\n\n<h3 class=\"wp-block-heading\">2. WEBSITE-HOSTING<\/h3>\n\n\n\n<p>Die Website www.hotel-arcadien.com wird von der Firma OVH, SAS mit einem Kapital von 10.000.000 Euro gehostet, eingetragen bei der RCS von Roubaix-Tourcoing unter der Nummer 424 761 419 00045.<br>Hauptsitz: 2 rue Kellerman 59100 Roubaix Frankreich<\/p>\n\n\n\n<h3 class=\"wp-block-heading\">3. GEISTIGE EIGENTUMSRECHTE<\/h3>\n\n\n\n<p>Die Website und ihr gesamter Inhalt (insbesondere die Marken, Logos, alle Grafik-, Text- und Computerelemente der Website, einschlie\u00dflich insbesondere Baumstrukturen, Layouts, Artikel, Pr\u00e4sentationen, Illustrationen, Fotografien und\/oder andere Dokumente) sind durch franz\u00f6sische und internationale Gesetze zum Urheberrecht und zum geistigen Eigentum gesch\u00fctzt.<br>Es kann keine Auslegung zugunsten einer Benutzerlizenz oder eines Rechts zur Nutzung dieser Elemente vorgenommen werden.<br>Als solche sind ihre Darstellungen, Reproduktionen, Verschachtelungen, Verbreitungen und Wiederausstrahlungen, teilweise oder vollst\u00e4ndig, verboten (Artikel L. 122-4 des Gesetzes \u00fcber geistiges Eigentum). Jede Person, die dies tut, ohne die vorherige und ausdr\u00fcckliche Genehmigung des Inhabers dieser Rechte rechtfertigen zu k\u00f6nnen, zieht die Strafen f\u00fcr das Vergehen der F\u00e4lschung nach sich (Artikel L. 335-2 und folgende des Gesetzes \u00fcber geistiges Eigentum). die Soci\u00e9t\u00e9 H\u00f4teli\u00e8re de Tarentaise kann von ihren Rechten, insbesondere dem geistigen Eigentum, Gebrauch machen, um Verfahren, insbesondere Strafverfahren, einzuleiten.<br>Die Soci\u00e9t\u00e9 H\u00f4teli\u00e8re de Tarentaise beh\u00e4lt sich das Recht vor, die auf der Website beschriebenen Informationen, Produkte, Programme oder Nutzungsbedingungen jederzeit zu verbessern oder zu \u00e4ndern, ohne dass daraus eine Haftung entsteht. Die anwendbaren Bedingungen und Hinweise sind diejenigen, die zum Zeitpunkt Ihrer Verbindung mit der Website in Kraft sind.<\/p>\n\n\n\n<h3 class=\"wp-block-heading\">4. HYPERTEXT-LINKS<\/h3>\n\n\n\n<p>Der Benutzer, der \u00fcber einen Hypertext-Link, der in Richtung anderer Websites eingerichtet wurde, auf eine Website Dritter weitergeleitet wird, erkennt an, dass die Soci\u00e9t\u00e9 H\u00f4teli\u00e8re de Tarentaise keine Kontrolle \u00fcber die Inhalte, Informationen, Produkte und Dienstleistungen hat, die auf diesen Websites angeboten werden. Folglich kann die Soci\u00e9t\u00e9 H\u00f4teli\u00e8re de Tarentaise in keiner Weise f\u00fcr direkte oder indirekte Sch\u00e4den haftbar gemacht werden, die sich aus der Nutzung von Websites ergeben, auf die \u00fcber Hypertext-Links zugegriffen werden kann.<br>Die Soci\u00e9t\u00e9 H\u00f4teli\u00e8re de Tarentaise ist auch nicht verantwortlich f\u00fcr Hypertext-Links, die auf die Website verweisen.<br>Jeder, der Hypertext-Links einrichten m\u00f6chte, die auf die Website verweisen, muss die vorherige schriftliche Genehmigung der Soci\u00e9t\u00e9 H\u00f4teli\u00e8re de Tarentaise einholen.<\/p>\n\n\n\n<h3 class=\"wp-block-heading\">5. GEW\u00c4HRLEISTUNGSBESCHR\u00c4NKUNG<\/h3>\n\n\n\n<p>die Soci\u00e9t\u00e9 H\u00f4teli\u00e8re de Tarentaise erinnert Internetbenutzer an die Eigenschaften und Grenzen des Internet-Netzwerks. Die Soci\u00e9t\u00e9 H\u00f4teli\u00e8re de Tarentaise kann nicht f\u00fcr Sch\u00e4den haftbar gemacht werden, die sich aus dem Zugriff auf die Website oder im Gegenteil aus der Unm\u00f6glichkeit des Zugriffs ergeben. Die Soci\u00e9t\u00e9 H\u00f4teli\u00e8re de Tarentaise kann nicht haftbar gemacht werden, falls die Website aus irgendeinem Grund (technischer Fehler, Netzwerk\u00fcberlastung usw.) nicht verf\u00fcgbar ist.<br>Der Benutzer gibt ausdr\u00fccklich zu, die Website auf eigenes Risiko und unter seiner ausschlie\u00dflichen Verantwortung zu nutzen. Die Soci\u00e9t\u00e9 H\u00f4teli\u00e8re de Tarentaise haftet nicht f\u00fcr direkte oder indirekte materielle oder immaterielle Sch\u00e4den, die den Benutzern, ihren Computern oder Telekommunikationsger\u00e4ten, den darin gespeicherten Daten und den daraus resultierenden Folgen f\u00fcr ihre pers\u00f6nliche oder berufliche T\u00e4tigkeit entstehen oder kommerziell.<br>Die Informationen auf der Website werden nur zu Informationszwecken bereitgestellt. Die auf dieser Website ver\u00f6ffentlichten Informationen werden regelm\u00e4\u00dfig aktualisiert und \u00fcberpr\u00fcft, k\u00f6nnen aber dennoch Fehler enthalten. Die Informationen m\u00fcssen auf jeden Fall ber\u00fccksichtigt werden, wenn sie online gestellt werden und nicht, wenn Sie die Website konsultieren (diese Daten k\u00f6nnen zwischen dem Zeitpunkt, an dem Sie sie heruntergeladen haben, und dem Ort, an dem Sie sie lesen, aktualisiert worden sein). In jedem Fall kann die Verantwortung der Soci\u00e9t\u00e9 H\u00f4teli\u00e8re de Tarentaise aufgrund dieser Informationen nicht \u00fcbernommen werden.null<\/p>\n\n\n\n<h3 class=\"wp-block-heading\">6. NUTZUNG DER WEBSITE<\/h3>\n\n\n\n<p>Die Soci\u00e9t\u00e9 H\u00f4teli\u00e8re de Tarentaise bietet die Website haupts\u00e4chlich f\u00fcr die Nutzung durch ihre Kunden und alle an, die ihre Produkte und Dienstleistungen kennenlernen und kaufen m\u00f6chten.<br>Wenn Sie sich mit der Website verbinden:<br>\u2013 Sie erkl\u00e4ren sich damit einverstanden, diese Bedingungen und allgemeiner geltende Gesetze einzuhalten,<br>\u2013 Sie unterlassen jede Erhebung, jeden Missbrauch insbesondere der personenbezogenen Daten, auf die Sie zugreifen k\u00f6nnten, und im Allgemeinen jede Handlung, die geeignet ist, Dritten zu schaden.<br>Wenn Sie ein Formular ausf\u00fcllen und Informationen bereitstellen, stimmen Sie Folgendem zu:<br>\u2013 zum Zeitpunkt ihrer Eingabe echte, genaue und aktuelle Informationen zu liefern und insbesondere keine falschen Namen, Eigenschaften oder Adressen oder Namen, Eigenschaften oder Adressen zu verwenden, ohne dazu berechtigt zu sein,<br>\u2013 die Registrierungsdaten aktuell halten, um deren echten und exakten Charakter dauerhaft zu gew\u00e4hrleisten,<br>\u2013 keine illegalen, verwerflichen oder sogar sch\u00e4dlichen Informationen, Programme oder Elemente (wie Viren, Hacking- oder Kopiersoftware) bereitzustellen oder zu verbreiten.<br>\u2013 keine Kommentare, Meinungen oder Informationen zu verbreiten, die verleumderischer, obsz\u00f6ner, gewaltt\u00e4tiger, rassistischer Natur sind und ganz allgemein gegen die geltenden Gesetze und Vorschriften, die Rechte der Person und die guten Sitten versto\u00dfen.<br>Im Falle eines Versto\u00dfes gegen diese Bestimmungen beh\u00e4lt sich die Soci\u00e9t\u00e9 H\u00f4teli\u00e8re de Tarentaise das Recht vor, Ihnen den Zugriff auf die Website oder die angebotenen Dienste ausschlie\u00dflich aus Ihrem Verschulden zu verweigern, und dies unbeschadet etwaiger Haftungsanspr\u00fcche.<\/p>\n\n\n\n<p>Verwendung der erhobenen personenbezogenen Daten<\/p>\n\n\n\n<h3 class=\"wp-block-heading\">7. KOMMENTARE<\/h3>\n\n\n\n<p>Wenn Sie einen Kommentar auf unserer Website hinterlassen, werden die in das Kommentarformular eingegebenen Daten, aber auch Ihre IP-Adresse und der User-Agent Ihres Browsers erfasst, um uns zu helfen, unerw\u00fcnschte Kommentare zu erkennen.<\/p>\n\n\n\n<p>Eine anonymisierte Zeichenfolge, die aus Ihrer E-Mail-Adresse erstellt wird (auch als Hash bezeichnet), kann an den Gravatar-Dienst gesendet werden, um zu \u00fcberpr\u00fcfen, ob Sie ihn verwenden. Die Vertraulichkeitsbestimmungen des Gravatar-Dienstes finden Sie hier: https:\/\/automattic.com\/privacy\/. Nach der Validierung Ihres Kommentars wird Ihr Profilfoto neben Ihrem Kommentar \u00f6ffentlich sichtbar sein.<\/p>\n\n\n\n<p>Wenn Sie ein registrierter Benutzer sind und Bilder auf die Website hochladen, raten wir Ihnen, das Hochladen von Bildern mit EXIF-GPS-Koordinatendaten zu vermeiden. Besucher Ihrer Website k\u00f6nnen Standortdaten aus diesen Bildern herunterladen und extrahieren.<\/p>\n\n\n\n<h3 class=\"wp-block-heading\">8. PL\u00c4TZCHEN<\/h3>\n\n\n\n<p>Wenn Sie einen Kommentar auf unserer Seite hinterlassen, wird Ihnen angeboten, Ihren Namen, Ihre E-Mail-Adresse und Ihre Website in Cookies zu speichern. Dies dient nur zu Ihrem Komfort, damit Sie diese Informationen nicht eingeben m\u00fcssen, wenn Sie sp\u00e4ter einen weiteren Kommentar hinterlassen. Diese Cookies verfallen nach einem Jahr.<\/p>\n\n\n\n<p>Wenn Sie ein Konto haben und sich mit dieser Website verbinden, wird ein tempor\u00e4res Cookie erstellt, um festzustellen, ob Ihr Browser Cookies akzeptiert. Sie enth\u00e4lt keine personenbezogenen Daten und wird automatisch gel\u00f6scht, wenn Sie Ihren Browser schlie\u00dfen.<\/p>\n\n\n\n<p>Wenn Sie sich anmelden, setzen wir eine Reihe von Cookies, um Ihre Anmeldedaten und Bildschirmeinstellungen zu speichern. Die Lebensdauer eines Verbindungscookies betr\u00e4gt zwei Tage, die eines Bildschirmoptionscookies ein Jahr. Wenn Sie \u201eRemember me\u201c ankreuzen, wird Ihr Login-Cookie zwei Wochen lang gespeichert. Wenn Sie sich von Ihrem Konto abmelden, wird das Login-Cookie gel\u00f6scht.<\/p>\n\n\n\n<p>Durch das Bearbeiten oder Ver\u00f6ffentlichen eines Artikels wird ein zus\u00e4tzlicher Cookie in Ihrem Browser gespeichert. Dieses Cookie enth\u00e4lt keine personenbezogenen Daten. Es zeigt einfach die Kennung des Artikels an, den Sie gerade ge\u00e4ndert haben. Sie verf\u00e4llt nach einem Tag.<\/p>\n\n\n\n<h3 class=\"wp-block-heading\">9. EINGEBETTETE INHALTE VON ANDEREN WEBSITES<\/h3>\n\n\n\n<p>Artikel auf dieser Website k\u00f6nnen eingebettete Inhalte enthalten (z. B. Videos, Bilder, Artikel usw.). Von anderen Websites eingebettete Inhalte verhalten sich so, als w\u00fcrde der Besucher zu dieser anderen Website gelangen.<\/p>\n\n\n\n<p>Diese Websites k\u00f6nnen Daten \u00fcber Sie sammeln, Cookies verwenden, Tracking-Tools von Drittanbietern einbetten und Ihre Interaktionen mit diesen eingebetteten Inhalten verfolgen, wenn Sie ein Konto haben, das mit ihrer Website verbunden ist.<\/p>\n\n\n\n<h3 class=\"wp-block-heading\">10. SPEICHERZEITEN IHRER DATEN<\/h3>\n\n\n\n<p>Wenn Sie einen Kommentar hinterlassen, werden der Kommentar und seine Metadaten auf unbestimmte Zeit gespeichert. Dadurch werden nachfolgende Kommentare automatisch erkannt und genehmigt, anstatt sie in der Moderationswarteschlange zu belassen.<\/p>\n\n\n\n<p>F\u00fcr Nutzer, die sich auf unserer Seite registrieren (sofern m\u00f6glich), speichern wir auch die in ihrem Profil angegebenen personenbezogenen Daten. Alle Benutzer k\u00f6nnen ihre pers\u00f6nlichen Daten jederzeit einsehen, \u00e4ndern oder l\u00f6schen (mit Ausnahme ihres Benutzernamens\u00b7ice). Site-Manager k\u00f6nnen diese Informationen auch anzeigen und bearbeiten.<\/p>\n\n\n\n<h3 class=\"wp-block-heading\">11. DIE RECHTE, DIE SIE \u00dcBER IHRE DATEN HABEN<\/h3>\n\n\n\n<p>Wenn Sie ein Konto haben oder Kommentare auf der Website hinterlassen haben, k\u00f6nnen Sie eine Datei anfordern, die alle personenbezogenen Daten enth\u00e4lt, die wir \u00fcber Sie haben, einschlie\u00dflich derer, die Sie uns zur Verf\u00fcgung gestellt haben. Sie k\u00f6nnen auch die L\u00f6schung der Sie betreffenden personenbezogenen Daten verlangen. Daten, die aus administrativen, rechtlichen oder Sicherheitsgr\u00fcnden gespeichert werden, werden hiervon nicht ber\u00fccksichtigt.<\/p>\n\n\n\n<h3 class=\"wp-block-heading\">12. \u00dcBERMITTLUNG IHRER PERSONENBEZOGENEN DATEN<\/h3>\n\n\n\n<p>Besucher-Kommentare k\u00f6nnten von einem automatisierten Dienst zur Spam-Erkennung untersucht werden.<\/p>\n\n\n<p><\/p>\n<p>&nbsp;<\/p>","protected":false},"excerpt":{"rendered":"<p>Webdesign und -entwicklung SQUID \u2013 www.agencesquid.com 1. RECHTLICHE INFORMATIONEN Herausgeber der Website ist die Soci\u00e9t\u00e9 H\u00f4teli\u00e8re de Tarentaise mit einem Stammkapital von 10.000 \u20ac, eingetragen im Handels- und Gesellschaftsregister der Chambery. MwSt-Nummer FR 615 298 232 96Der Hauptsitz\u2026<\/p>","protected":false},"author":1,"featured_media":0,"parent":0,"menu_order":0,"comment_status":"closed","ping_status":"closed","template":"","meta":{"_exactmetrics_skip_tracking":false,"_exactmetrics_sitenote_active":false,"_exactmetrics_sitenote_note":"","_exactmetrics_sitenote_category":0,"footnotes":""},"_links":{"self":[{"href":"https:\/\/hotel-arcadien.com\/de\/wp-json\/wp\/v2\/pages\/3"}],"collection":[{"href":"https:\/\/hotel-arcadien.com\/de\/wp-json\/wp\/v2\/pages"}],"about":[{"href":"https:\/\/hotel-arcadien.com\/de\/wp-json\/wp\/v2\/types\/page"}],"author":[{"embeddable":true,"href":"https:\/\/hotel-arcadien.com\/de\/wp-json\/wp\/v2\/users\/1"}],"replies":[{"embeddable":true,"href":"https:\/\/hotel-arcadien.com\/de\/wp-json\/wp\/v2\/comments?post=3"}],"version-history":[{"count":14,"href":"https:\/\/hotel-arcadien.com\/de\/wp-json\/wp\/v2\/pages\/3\/revisions"}],"predecessor-version":[{"id":1374,"href":"https:\/\/hotel-arcadien.com\/de\/wp-json\/wp\/v2\/pages\/3\/revisions\/1374"}],"wp:attachment":[{"href":"https:\/\/hotel-arcadien.com\/de\/wp-json\/wp\/v2\/media?parent=3"}],"curies":[{"name":"wp","href":"https:\/\/api.w.org\/{rel}","templated":true}]}}