{"id":3,"date":"2019-01-04T11:41:23","date_gmt":"2019-01-04T10:41:23","guid":{"rendered":"https:\/\/hotel-arcadien.com\/?page_id=3"},"modified":"2019-10-09T10:53:25","modified_gmt":"2019-10-09T08:53:25","slug":"mentions-legales","status":"publish","type":"page","link":"https:\/\/hotel-arcadien.com\/it\/avviso-legale\/","title":{"rendered":"Avviso legale"},"content":{"rendered":"<h3 class=\"wp-block-heading\">Progettazione e sviluppo web<\/h3>\n\n\n\n<p>CALAMARO- <a href=\"http:\/\/www.agencesquid.com\">www.agencesquid.com<\/a><\/p>\n\n\n\n<h3 class=\"wp-block-heading\">1. INFORMAZIONI LEGALI<\/h3>\n\n\n\n<p>L&#039;editore del Sito \u00e8 la Soci\u00e9t\u00e9 H\u00f4teli\u00e8re de Tarentaise, con un capitale sociale di \u20ac 10.000, iscritta al registro del commercio e delle imprese di Chamb\u00e9ry. Partita IVA FR 615 298 232 96<br>La sede centrale si trova: 213 Avenue de Tarentaise<br>73210 Aime-la-Plagne<br>Tel: 04 79 55 62 93<br><\/p>\n\n\n\n<h3 class=\"wp-block-heading\">2. HOSTING DEL SITO<\/h3>\n\n\n\n<p>Il sito web www.hotel-arcadien.com \u00e8 ospitato dalla societ\u00e0 OVH, SAS con un capitale di 10.000.000 di euro, iscritta alla RCS di Roubaix-Tourcoing con il numero 424 761 419 00045.<br>Sede: 2 rue Kellerman 59100 Roubaix Francia<\/p>\n\n\n\n<h3 class=\"wp-block-heading\">3. DIRITTI DI PROPRIET\u00c0 INTELLETTUALE<\/h3>\n\n\n\n<p>Il Sito e tutto il suo contenuto (in particolare i marchi, i loghi, qualsiasi elemento grafico, testuale e informatico del Sito, inclusi in particolare le strutture ad albero, i layout, gli articoli, le presentazioni, le illustrazioni, le fotografie e\/o qualsiasi altro documento) sono protetto dalle leggi francesi e internazionali sul diritto d&#039;autore e sulla propriet\u00e0 intellettuale.<br>Nessuna interpretazione pu\u00f2 essere fatta a favore di una licenza d&#039;uso o di qualsiasi diritto all&#039;uso di questi elementi.<br>Pertanto, sono vietate la loro rappresentazione, riproduzione, nidificazione, distribuzione e ritrasmissione, parziale o totale (articolo L. 122-4 del Codice della propriet\u00e0 intellettuale). Chiunque lo faccia senza poter giustificare la preventiva ed espressa autorizzazione del titolare di tali diritti incorre nelle sanzioni relative al reato di contraffazione (artt. L. 335-2 e seguenti del Codice della Propriet\u00e0 Intellettuale). la Soci\u00e9t\u00e9 H\u00f4teli\u00e8re de Tarentaise pu\u00f2 avvalersi dei suoi diritti, in particolare di propriet\u00e0 intellettuale, per avviare procedimenti, in particolare procedimenti penali.<br>la Soci\u00e9t\u00e9 H\u00f4teli\u00e8re de Tarentaise si riserva il diritto di migliorare o modificare in qualsiasi momento le informazioni, i prodotti, i programmi o le condizioni d&#039;uso descritti nel Sito, senza che ne derivi alcuna responsabilit\u00e0. Le condizioni e gli avvisi applicabili saranno quelli in vigore alla data della tua connessione al Sito.<\/p>\n\n\n\n<h3 class=\"wp-block-heading\">4. COLLEGAMENTI IPERTESTUALI<\/h3>\n\n\n\n<p>L&#039;utente che verrebbe reindirizzato a un sito di terzi tramite un collegamento ipertestuale stabilito in direzione di altri siti riconosce che la Soci\u00e9t\u00e9 H\u00f4teli\u00e8re de Tarentaise non controlla il contenuto, le informazioni, i prodotti e i servizi offerti su questi siti. . Di conseguenza, la Soci\u00e9t\u00e9 H\u00f4teli\u00e8re de Tarentaise non pu\u00f2 in alcun modo essere ritenuta responsabile per eventuali danni diretti o indiretti derivanti dall&#039;uso di siti accessibili tramite collegamenti ipertestuali.<br>La Soci\u00e9t\u00e9 H\u00f4teli\u00e8re de Tarentaise non \u00e8 inoltre responsabile per i collegamenti ipertestuali che rimandano al Sito.<br>Chiunque desideri impostare collegamenti ipertestuali che puntano al Sito deve ottenere la preventiva autorizzazione scritta della Soci\u00e9t\u00e9 H\u00f4teli\u00e8re de Tarentaise.<\/p>\n\n\n\n<h3 class=\"wp-block-heading\">5. LIMITAZIONE DELLA GARANZIA<\/h3>\n\n\n\n<p>la Soci\u00e9t\u00e9 H\u00f4teli\u00e8re de Tarentaise ricorda agli utenti di Internet le caratteristiche ei limiti della rete Internet. Soci\u00e9t\u00e9 H\u00f4teli\u00e8re de Tarentaise non pu\u00f2 essere ritenuta responsabile per eventuali danni derivanti dall&#039;accesso al Sito o, al contrario, dall&#039;impossibilit\u00e0 di accedervi. la Soci\u00e9t\u00e9 H\u00f4teli\u00e8re de Tarentaise non pu\u00f2 essere ritenuta responsabile in caso di indisponibilit\u00e0 del Sito, per qualsiasi motivo (guasto tecnico, congestione della rete, ecc.).<br>L&#039;utente ammette espressamente di utilizzare il Sito a proprio rischio e sotto la propria esclusiva responsabilit\u00e0. la Soci\u00e9t\u00e9 H\u00f4teli\u00e8re de Tarentaise non pu\u00f2 essere ritenuta responsabile per eventuali danni, diretti o indiretti, materiali o immateriali arrecati agli utenti, alle loro apparecchiature informatiche o di telecomunicazione, ai dati ivi conservati e alle conseguenze che ne possono derivare sulla loro attivit\u00e0 personale, professionale o commerciale.<br>Le informazioni sul Sito sono fornite solo a scopo informativo. Le informazioni pubblicate su questo Sito sono aggiornate e controllate periodicamente ma possono comunque contenere errori. L&#039;informativa deve in ogni caso essere presa in considerazione quando viene messa online e non quando si consulta il Sito (questi dati potrebbero essere stati aggiornati tra il momento in cui l&#039;ha scaricata e quella in cui l&#039;ha letta). In ogni caso, la responsabilit\u00e0 della Soci\u00e9t\u00e9 H\u00f4teli\u00e8re de Tarentaise non pu\u00f2 essere assunta a causa di queste informazioni.null<\/p>\n\n\n\n<h3 class=\"wp-block-heading\">6. UTILIZZO DEL SITO<\/h3>\n\n\n\n<p>la Soci\u00e9t\u00e9 H\u00f4teli\u00e8re de Tarentaise offre il Sito principalmente per l&#039;utilizzo dei propri clienti e di chiunque desideri conoscere e acquistare i suoi prodotti e servizi.<br>Quando ti colleghi al Sito:<br>\u2013 accetti di rispettare questi termini e, pi\u00f9 in generale, la normativa applicabile,<br>\u2013 ti astieni da qualsiasi raccolta, uso improprio in particolare dei dati personali a cui potresti accedere e, in generale, da qualsiasi atto che possa recare danno a terzi.<br>Quando compili un modulo e fornisci informazioni, accetti di:<br>\u2013 fornire informazioni reali, esatte e aggiornate al momento del loro inserimento e in particolare a non utilizzare nomi, qualit\u00e0 o indirizzi falsi, o nomi, qualit\u00e0 o indirizzi senza essere autorizzati a farlo,<br>\u2013 mantenere aggiornati i dati di registrazione al fine di garantire in modo permanente il loro carattere reale ed esatto,<br>\u2013 non mettere a disposizione o distribuire informazioni, programmi o elementi illegali, riprovevoli o anche dannosi (come virus, hacking o software di copia).<br>\u2013 non diffondere commenti, opinioni o informazioni di natura diffamatoria, oscena, violenta, razzista e pi\u00f9 in generale contrari alle leggi e ai regolamenti vigenti, ai diritti delle persone e al buon costume.<br>In caso di violazione di tali disposizioni, la Soci\u00e9t\u00e9 H\u00f4teli\u00e8re de Tarentaise si riserva il diritto di negarti l&#039;accesso al Sito o ai servizi offerti, esclusivamente per tua colpa e ci\u00f2, fatta salva ogni azione di responsabilit\u00e0.<\/p>\n\n\n\n<p>Utilizzo dei dati personali raccolti<\/p>\n\n\n\n<h3 class=\"wp-block-heading\">7. COMMENTI<\/h3>\n\n\n\n<p>Quando lasci un commento sul nostro sito Web, i dati inseriti nel modulo dei commenti, ma anche il tuo indirizzo IP e lo user agent del tuo browser vengono raccolti per aiutarci a rilevare i commenti indesiderati.<\/p>\n\n\n\n<p>Una stringa anonima creata dal tuo indirizzo e-mail (chiamato anche hash) pu\u00f2 essere inviata al servizio Gravatar per verificare se lo stai utilizzando. Le clausole di riservatezza del servizio Gravatar sono disponibili qui: https:\/\/automaptic.com\/privacy\/. Dopo la convalida del tuo commento, la tua foto del profilo sar\u00e0 pubblicamente visibile accanto al tuo commento.<\/p>\n\n\n\n<p>Se sei un utente registrato e carichi immagini sul sito web, ti consigliamo di evitare di caricare immagini contenenti dati di coordinate GPS EXIF. I visitatori del tuo sito web possono scaricare ed estrarre i dati sulla posizione da queste immagini.<\/p>\n\n\n\n<h3 class=\"wp-block-heading\">8. COOKIE<\/h3>\n\n\n\n<p>Se lasci un commento sul nostro sito, ti verr\u00e0 offerto di salvare il tuo nome, indirizzo e-mail e sito Web nei cookie. Questo \u00e8 solo per la tua comodit\u00e0 in modo da non dover inserire queste informazioni se lasci un altro commento in seguito. Questi cookie scadono dopo un anno.<\/p>\n\n\n\n<p>Se hai un account e ti connetti a questo sito, verr\u00e0 creato un cookie temporaneo per determinare se il tuo browser accetta i cookie. Non contiene dati personali e verr\u00e0 cancellato automaticamente alla chiusura del browser.<\/p>\n\n\n\n<p>Quando accedi, imposteremo una serie di cookie per salvare i tuoi dati di accesso e le preferenze dello schermo. La durata di un cookie di connessione \u00e8 di due giorni, quella di un cookie di opzione dello schermo \u00e8 di un anno. Se selezioni &quot;Ricordami&quot;, il tuo cookie di accesso verr\u00e0 conservato per due settimane. Se esci dal tuo account, il cookie di accesso verr\u00e0 cancellato.<\/p>\n\n\n\n<p>Modificando o pubblicando un articolo, un cookie aggiuntivo verr\u00e0 salvato nel tuo browser. Questo cookie non include alcun dato personale. Indica semplicemente l&#039;identificatore dell&#039;articolo che hai appena modificato. Scade dopo un giorno.<\/p>\n\n\n\n<h3 class=\"wp-block-heading\">9. CONTENUTI INCORPORATI DA ALTRI SITI<\/h3>\n\n\n\n<p>Gli articoli su questo sito possono includere contenuti incorporati (ad es. video, immagini, articoli, ecc.). I contenuti incorporati da altri siti si comportano come se il visitatore arrivasse a quell&#039;altro sito.<\/p>\n\n\n\n<p>Questi siti Web potrebbero raccogliere dati su di te, utilizzare cookie, incorporare strumenti di tracciamento di terze parti, tracciare le tue interazioni con questo contenuto incorporato se hai un account collegato al loro sito Web.<\/p>\n\n\n\n<h3 class=\"wp-block-heading\">10. TEMPI DI CONSERVAZIONE DEI SUOI DATI<\/h3>\n\n\n\n<p>Se lasci un commento, il commento e i relativi metadati vengono conservati a tempo indeterminato. Questo riconosce e approva automaticamente i commenti successivi invece di lasciarli nella coda di moderazione.<\/p>\n\n\n\n<p>Per gli utenti che si registrano al nostro sito (se possibile), conserviamo anche i dati personali indicati nel loro profilo. Tutti gli utenti possono vedere, modificare o eliminare le proprie informazioni personali in qualsiasi momento (ad eccezione del proprio nome utente\u00b7ice). I gestori del sito possono anche visualizzare e modificare queste informazioni.<\/p>\n\n\n\n<h3 class=\"wp-block-heading\">11. I DIRITTI CHE HAI SUI TUOI DATI<\/h3>\n\n\n\n<p>Se hai un account o se hai lasciato commenti sul sito, puoi richiedere di ricevere un file contenente tutti i dati personali che abbiamo su di te, compresi quelli che ci hai fornito. Puoi anche richiedere la cancellazione dei dati personali che ti riguardano. Questo non tiene conto dei dati conservati per motivi amministrativi, legali o di sicurezza.<\/p>\n\n\n\n<h3 class=\"wp-block-heading\">12. TRASMISSIONE DEI SUOI DATI PERSONALI<\/h3>\n\n\n\n<p>I commenti dei visitatori possono essere controllati tramite un servizio di rilevamento automatico dello spam.<\/p>\n\n\n<p><\/p>\n<p>&nbsp;<\/p>","protected":false},"excerpt":{"rendered":"<p>Web design e sviluppo SQUID \u2013 www.agencesquid.com 1. INFORMAZIONI LEGALI L&#039;editore del Sito \u00e8 la Soci\u00e9t\u00e9 H\u00f4teli\u00e8re de Tarentaise, con un capitale sociale di \u20ac 10.000, iscritta al Registro del Commercio e delle Imprese di Chambery. Partita IVA FR 615 298 232 96La sede\u2026<\/p>","protected":false},"author":1,"featured_media":0,"parent":0,"menu_order":0,"comment_status":"closed","ping_status":"closed","template":"","meta":{"_exactmetrics_skip_tracking":false,"_exactmetrics_sitenote_active":false,"_exactmetrics_sitenote_note":"","_exactmetrics_sitenote_category":0,"footnotes":""},"_links":{"self":[{"href":"https:\/\/hotel-arcadien.com\/it\/wp-json\/wp\/v2\/pages\/3"}],"collection":[{"href":"https:\/\/hotel-arcadien.com\/it\/wp-json\/wp\/v2\/pages"}],"about":[{"href":"https:\/\/hotel-arcadien.com\/it\/wp-json\/wp\/v2\/types\/page"}],"author":[{"embeddable":true,"href":"https:\/\/hotel-arcadien.com\/it\/wp-json\/wp\/v2\/users\/1"}],"replies":[{"embeddable":true,"href":"https:\/\/hotel-arcadien.com\/it\/wp-json\/wp\/v2\/comments?post=3"}],"version-history":[{"count":14,"href":"https:\/\/hotel-arcadien.com\/it\/wp-json\/wp\/v2\/pages\/3\/revisions"}],"predecessor-version":[{"id":1374,"href":"https:\/\/hotel-arcadien.com\/it\/wp-json\/wp\/v2\/pages\/3\/revisions\/1374"}],"wp:attachment":[{"href":"https:\/\/hotel-arcadien.com\/it\/wp-json\/wp\/v2\/media?parent=3"}],"curies":[{"name":"wp","href":"https:\/\/api.w.org\/{rel}","templated":true}]}}