{"id":3,"date":"2019-01-04T11:41:23","date_gmt":"2019-01-04T10:41:23","guid":{"rendered":"https:\/\/hotel-arcadien.com\/?page_id=3"},"modified":"2019-10-09T10:53:25","modified_gmt":"2019-10-09T08:53:25","slug":"mentions-legales","status":"publish","type":"page","link":"https:\/\/hotel-arcadien.com\/ja\/%e6%b3%95%e7%9a%84%e9%80%9a%e7%9f%a5\/","title":{"rendered":"\u6cd5\u7684\u901a\u77e5"},"content":{"rendered":"<h3 class=\"wp-block-heading\">\u30a6\u30a7\u30d6\u30c7\u30b6\u30a4\u30f3\u3068\u958b\u767a<\/h3>\n\n\n\n<p>\u30a4\u30ab- <a href=\"http:\/\/www.agencesquid.com\">www.agencesquid.com<\/a><\/p>\n\n\n\n<h3 class=\"wp-block-heading\">1. \u6cd5\u7684\u60c5\u5831<\/h3>\n\n\n\n<p>\u30b5\u30a4\u30c8\u306e\u767a\u884c\u8005\u306f\u300110,000 \u30e6\u30fc\u30ed\u306e\u682a\u5f0f\u8cc7\u672c\u3092\u6301\u3064 Soci\u00e9t\u00e9 H\u00f4teli\u00e8re de Tarentaise \u3067\u3042\u308a\u3001\u30b7\u30e3\u30f3\u30d9\u30ea\u306e\u8cbf\u6613\u304a\u3088\u3073\u4f1a\u793e\u767b\u9332\u7c3f\u306b\u767b\u9332\u3055\u308c\u3066\u3044\u307e\u3059\u3002 VAT \u756a\u53f7 FR 615 298 232 96<br>\u672c\u793e\u6240\u5728\u5730: 213 Avenue de Tarentaise<br>73210 \u30a8\u30a4\u30e0\u30fb\u30e9\u30fb\u30d7\u30e9\u30fc\u30cb\u30e5<br>\u96fb\u8a71: 04 79 55 62 93<br><\/p>\n\n\n\n<h3 class=\"wp-block-heading\">2. \u30b5\u30a4\u30c8\u30db\u30b9\u30c6\u30a3\u30f3\u30b0<\/h3>\n\n\n\n<p>\u30a6\u30a7\u30d6\u30b5\u30a4\u30c8 www.hotel-arcadien.com \u306f\u3001Roubaix-Tourcoing \u306e RCS \u306b\u756a\u53f7 424 761 419 00045 \u3067\u767b\u9332\u3055\u308c\u305f\u8cc7\u672c\u91d1 10,000,000 \u30e6\u30fc\u30ed\u306e OVH, SAS \u306b\u3088\u3063\u3066\u30db\u30b9\u30c8\u3055\u308c\u3066\u3044\u307e\u3059\u3002<br>\u672c\u793e: 2 rue Kellerman 59100 Roubaix France<\/p>\n\n\n\n<h3 class=\"wp-block-heading\">3. \u77e5\u7684\u8ca1\u7523\u6a29<\/h3>\n\n\n\n<p>\u30b5\u30a4\u30c8\u304a\u3088\u3073\u305d\u306e\u3059\u3079\u3066\u306e\u30b3\u30f3\u30c6\u30f3\u30c4 (\u7279\u306b\u3001\u30c4\u30ea\u30fc\u69cb\u9020\u3001\u30ec\u30a4\u30a2\u30a6\u30c8\u3001\u8a18\u4e8b\u3001\u30d7\u30ec\u30bc\u30f3\u30c6\u30fc\u30b7\u30e7\u30f3\u3001\u30a4\u30e9\u30b9\u30c8\u3001\u5199\u771f\u3001\u304a\u3088\u3073\/\u307e\u305f\u306f\u305d\u306e\u4ed6\u306e\u30c9\u30ad\u30e5\u30e1\u30f3\u30c8\u3092\u542b\u3080\u3001\u30b5\u30a4\u30c8\u306e\u5546\u6a19\u3001\u30ed\u30b4\u3001\u30b0\u30e9\u30d5\u30a3\u30c3\u30af\u3001\u30c6\u30ad\u30b9\u30c8\u3001\u304a\u3088\u3073\u30b3\u30f3\u30d4\u30e5\u30fc\u30bf\u30fc\u8981\u7d20) \u306f\u3001\u30d5\u30e9\u30f3\u30b9\u304a\u3088\u3073\u56fd\u969b\u7684\u306a\u8457\u4f5c\u6a29\u304a\u3088\u3073\u77e5\u7684\u8ca1\u7523\u6cd5\u306b\u3088\u3063\u3066\u4fdd\u8b77\u3055\u308c\u3066\u3044\u307e\u3059\u3002<br>\u30e6\u30fc\u30b6\u30fc \u30e9\u30a4\u30bb\u30f3\u30b9\u307e\u305f\u306f\u3053\u308c\u3089\u306e\u8981\u7d20\u3092\u4f7f\u7528\u3059\u308b\u6a29\u5229\u306b\u6709\u5229\u306a\u89e3\u91c8\u3092\u884c\u3046\u3053\u3068\u306f\u3067\u304d\u307e\u305b\u3093\u3002<br>\u305d\u306e\u305f\u3081\u3001\u305d\u308c\u3089\u306e\u8868\u73fe\u3001\u8907\u88fd\u3001\u30cd\u30b9\u30c6\u30a3\u30f3\u30b0\u3001\u914d\u5e03\u3001\u304a\u3088\u3073\u518d\u653e\u9001\u306f\u3001\u90e8\u5206\u7684\u307e\u305f\u306f\u5168\u4f53\u7684\u306b\u7981\u6b62\u3055\u308c\u3066\u3044\u307e\u3059 (\u77e5\u7684\u8ca1\u7523\u6cd5\u306e\u7b2c L. 122-4 \u6761)\u3002\u3053\u308c\u3089\u306e\u6a29\u5229\u306e\u6240\u6709\u8005\u304b\u3089\u306e\u4e8b\u524d\u306e\u660e\u793a\u7684\u306a\u8a31\u53ef\u3092\u6b63\u5f53\u5316\u3059\u308b\u3053\u3068\u304c\u3067\u304d\u306a\u3044\u5834\u5408\u306f\u3001\u507d\u9020\u7f6a\u306b\u95a2\u9023\u3059\u308b\u7f70\u5247\u304c\u8ab2\u305b\u3089\u308c\u307e\u3059 (\u77e5\u7684\u8ca1\u7523\u6cd5\u7b2c L. 335-2 \u6761\u304a\u3088\u3073\u4ee5\u4e0b)\u3002 Soci\u00e9t\u00e9 H\u00f4teli\u00e8re de Tarentaise \u306f\u3001\u8a34\u8a1f\u3001\u7279\u306b\u5211\u4e8b\u8a34\u8a1f\u3092\u958b\u59cb\u3059\u308b\u305f\u3081\u306b\u3001\u305d\u306e\u6a29\u5229\u3001\u7279\u306b\u77e5\u7684\u8ca1\u7523\u3092\u5229\u7528\u3059\u308b\u3053\u3068\u304c\u3067\u304d\u307e\u3059\u3002<br>Soci\u00e9t\u00e9 H\u00f4teli\u00e8re de Tarentaise \u306f\u3001\u30b5\u30a4\u30c8\u306b\u8a18\u8f09\u3055\u308c\u3066\u3044\u308b\u60c5\u5831\u3001\u88fd\u54c1\u3001\u30d7\u30ed\u30b0\u30e9\u30e0\u3001\u307e\u305f\u306f\u4f7f\u7528\u6761\u4ef6\u3092\u3001\u7d50\u679c\u3068\u3057\u3066\u751f\u3058\u308b\u8cac\u4efb\u3092\u8ca0\u3046\u3053\u3068\u306a\u304f\u3001\u3044\u3064\u3067\u3082\u6539\u5584\u307e\u305f\u306f\u5909\u66f4\u3059\u308b\u6a29\u5229\u3092\u7559\u4fdd\u3057\u307e\u3059\u3002\u9069\u7528\u3055\u308c\u308b\u6761\u4ef6\u304a\u3088\u3073\u901a\u77e5\u306f\u3001\u30b5\u30a4\u30c8\u3078\u306e\u63a5\u7d9a\u65e5\u306b\u6709\u52b9\u306a\u3082\u306e\u3068\u306a\u308a\u307e\u3059\u3002<\/p>\n\n\n\n<h3 class=\"wp-block-heading\">4.\u30cf\u30a4\u30d1\u30fc\u30c6\u30ad\u30b9\u30c8\u30ea\u30f3\u30af<\/h3>\n\n\n\n<p>\u4ed6\u306e\u30b5\u30a4\u30c8\u3078\u306e\u30cf\u30a4\u30d1\u30fc\u30c6\u30ad\u30b9\u30c8 \u30ea\u30f3\u30af\u3092\u4ecb\u3057\u3066\u7b2c\u4e09\u8005\u306e\u30b5\u30a4\u30c8\u306b\u30ea\u30c0\u30a4\u30ec\u30af\u30c8\u3055\u308c\u308b\u30e6\u30fc\u30b6\u30fc\u306f\u3001\u30bd\u30b7\u30a8\u30c6 \u30aa\u30c6\u30ea\u30a8\u30fc\u30eb \u30c9 \u30bf\u30e9\u30f3\u30c6\u30fc\u30ba\u304c\u3053\u308c\u3089\u306e\u30b5\u30a4\u30c8\u3067\u63d0\u4f9b\u3055\u308c\u308b\u30b3\u30f3\u30c6\u30f3\u30c4\u3001\u60c5\u5831\u3001\u88fd\u54c1\u3001\u304a\u3088\u3073\u30b5\u30fc\u30d3\u30b9\u3092\u7ba1\u7406\u3057\u3066\u3044\u306a\u3044\u3053\u3068\u3092\u8a8d\u3081\u307e\u3059\u3002\u3057\u305f\u304c\u3063\u3066\u3001\u30bd\u30b7\u30a8\u30c6 \u30aa\u30c6\u30ea\u30a8\u30fc\u30eb \u30c9 \u30bf\u30e9\u30f3\u30c6\u30fc\u30ba\u306f\u3001\u30cf\u30a4\u30d1\u30fc\u30c6\u30ad\u30b9\u30c8 \u30ea\u30f3\u30af\u3092\u4ecb\u3057\u3066\u30a2\u30af\u30bb\u30b9\u3067\u304d\u308b\u30b5\u30a4\u30c8\u306e\u4f7f\u7528\u306b\u8d77\u56e0\u3059\u308b\u76f4\u63a5\u7684\u307e\u305f\u306f\u9593\u63a5\u7684\u306a\u640d\u5bb3\u306b\u3064\u3044\u3066\u3001\u4e00\u5207\u306e\u8cac\u4efb\u3092\u8ca0\u3044\u307e\u305b\u3093\u3002<br>Soci\u00e9t\u00e9 H\u00f4teli\u00e8re de Tarentaise \u306f\u3001\u672c\u30b5\u30a4\u30c8\u3078\u306e\u30cf\u30a4\u30d1\u30fc\u30c6\u30ad\u30b9\u30c8 \u30ea\u30f3\u30af\u306b\u3064\u3044\u3066\u3082\u8cac\u4efb\u3092\u8ca0\u3044\u307e\u305b\u3093\u3002<br>\u30b5\u30a4\u30c8\u3078\u306e\u30cf\u30a4\u30d1\u30fc\u30c6\u30ad\u30b9\u30c8 \u30ea\u30f3\u30af\u306e\u8a2d\u5b9a\u3092\u5e0c\u671b\u3059\u308b\u4eba\u306f\u3001Societ\u00e9 H\u00f4teli\u00e8re de Tarentaise \u306e\u4e8b\u524d\u306e\u66f8\u9762\u306b\u3088\u308b\u8a31\u53ef\u3092\u5f97\u308b\u5fc5\u8981\u304c\u3042\u308a\u307e\u3059\u3002<\/p>\n\n\n\n<h3 class=\"wp-block-heading\">5. \u4fdd\u8a3c\u306e\u5236\u9650<\/h3>\n\n\n\n<p>Soci\u00e9t\u00e9 H\u00f4teli\u00e8re de Tarentaise \u306f\u3001\u30a4\u30f3\u30bf\u30fc\u30cd\u30c3\u30c8 \u30e6\u30fc\u30b6\u30fc\u306b\u30a4\u30f3\u30bf\u30fc\u30cd\u30c3\u30c8 \u30cd\u30c3\u30c8\u30ef\u30fc\u30af\u306e\u7279\u5fb4\u3068\u9650\u754c\u3092\u601d\u3044\u51fa\u3055\u305b\u307e\u3059\u3002 Soci\u00e9t\u00e9 H\u00f4teli\u00e8re de Tarentaise \u306f\u3001\u672c\u30b5\u30a4\u30c8\u3078\u306e\u30a2\u30af\u30bb\u30b9\u3001\u307e\u305f\u306f\u9006\u306b\u3001\u672c\u30b5\u30a4\u30c8\u3078\u306e\u30a2\u30af\u30bb\u30b9\u4e0d\u80fd\u306b\u8d77\u56e0\u3059\u308b\u3044\u304b\u306a\u308b\u640d\u5bb3\u306b\u3064\u3044\u3066\u3082\u8cac\u4efb\u3092\u8ca0\u3044\u307e\u305b\u3093\u3002 Soci\u00e9t\u00e9 H\u00f4teli\u00e8re de Tarentaise \u306f\u3001\u7406\u7531\u306e\u5982\u4f55\u3092\u554f\u308f\u305a (\u6280\u8853\u7684\u306a\u969c\u5bb3\u3001\u30cd\u30c3\u30c8\u30ef\u30fc\u30af\u306e\u8f3b\u8f33\u306a\u3069)\u3001\u30b5\u30a4\u30c8\u304c\u5229\u7528\u3067\u304d\u306a\u304f\u306a\u3063\u305f\u5834\u5408\u306b\u8cac\u4efb\u3092\u8ca0\u3046\u3053\u3068\u306f\u3067\u304d\u307e\u305b\u3093\u3002<br>\u30e6\u30fc\u30b6\u30fc\u306f\u3001\u81ea\u8eab\u306e\u30ea\u30b9\u30af\u3068\u6392\u4ed6\u7684\u8cac\u4efb\u306e\u4e0b\u3067\u672c\u30b5\u30a4\u30c8\u3092\u4f7f\u7528\u3059\u308b\u3053\u3068\u3092\u660e\u793a\u7684\u306b\u8a8d\u3081\u307e\u3059\u3002 Soci\u00e9t\u00e9 H\u00f4teli\u00e8re de Tarentaise \u306f\u3001\u30e6\u30fc\u30b6\u30fc\u3001\u30e6\u30fc\u30b6\u30fc\u306e\u30b3\u30f3\u30d4\u30e5\u30fc\u30bf\u30fc\u307e\u305f\u306f\u96fb\u6c17\u901a\u4fe1\u6a5f\u5668\u3001\u305d\u3053\u306b\u4fdd\u5b58\u3055\u308c\u3066\u3044\u308b\u30c7\u30fc\u30bf\u3001\u304a\u3088\u3073\u30e6\u30fc\u30b6\u30fc\u306e\u500b\u4eba\u7684\u306a\u6d3b\u52d5\u3001\u5c02\u9580\u5bb6\u306b\u8d77\u56e0\u3059\u308b\u53ef\u80fd\u6027\u306e\u3042\u308b\u7d50\u679c\u306b\u5bfe\u3057\u3066\u3001\u76f4\u63a5\u7684\u307e\u305f\u306f\u9593\u63a5\u7684\u3001\u6709\u5f62\u307e\u305f\u306f\u7121\u5f62\u3092\u554f\u308f\u305a\u3001\u3044\u304b\u306a\u308b\u640d\u5bb3\u306b\u3064\u3044\u3066\u3082\u8cac\u4efb\u3092\u8ca0\u3044\u307e\u305b\u3093\u3002\u307e\u305f\u306f\u30b3\u30de\u30fc\u30b7\u30e3\u30eb\u3002<br>\u30b5\u30a4\u30c8\u4e0a\u306e\u60c5\u5831\u306f\u3001\u60c5\u5831\u63d0\u4f9b\u306e\u307f\u3092\u76ee\u7684\u3068\u3057\u3066\u63d0\u4f9b\u3055\u308c\u3066\u3044\u307e\u3059\u3002\u3053\u306e\u30b5\u30a4\u30c8\u306b\u63b2\u8f09\u3055\u308c\u3066\u3044\u308b\u60c5\u5831\u306f\u5b9a\u671f\u7684\u306b\u66f4\u65b0\u304a\u3088\u3073\u30c1\u30a7\u30c3\u30af\u3055\u308c\u3066\u3044\u307e\u3059\u304c\u3001\u307e\u3060\u8aa4\u308a\u304c\u542b\u307e\u308c\u3066\u3044\u308b\u53ef\u80fd\u6027\u304c\u3042\u308a\u307e\u3059\u3002\u3044\u305a\u308c\u306b\u305b\u3088\u3001\u60c5\u5831\u306f\u3001\u30b5\u30a4\u30c8\u3092\u53c2\u7167\u3059\u308b\u3068\u304d\u3067\u306f\u306a\u304f\u3001\u30aa\u30f3\u30e9\u30a4\u30f3\u306b\u63b2\u8f09\u3055\u308c\u308b\u3068\u304d\u306b\u8003\u616e\u306b\u5165\u308c\u308b\u5fc5\u8981\u304c\u3042\u308a\u307e\u3059 (\u3053\u306e\u30c7\u30fc\u30bf\u306f\u3001\u30c0\u30a6\u30f3\u30ed\u30fc\u30c9\u3057\u3066\u304b\u3089\u8aad\u3080\u307e\u3067\u306e\u9593\u306b\u66f4\u65b0\u3055\u308c\u3066\u3044\u308b\u53ef\u80fd\u6027\u304c\u3042\u308a\u307e\u3059)\u3002\u3044\u305a\u308c\u306b\u305b\u3088\u3001\u30bd\u30b7\u30a8\u30c6 \u30aa\u30c6\u30ea\u30a8\u30fc\u30eb \u30c9 \u30bf\u30e9\u30f3\u30c6\u30fc\u30ba\u306f\u3001\u3053\u306e\u60c5\u5831\u306b\u3088\u308a\u8cac\u4efb\u3092\u8ca0\u3046\u3053\u3068\u306f\u3067\u304d\u307e\u305b\u3093.null<\/p>\n\n\n\n<h3 class=\"wp-block-heading\">6. \u30b5\u30a4\u30c8\u306e\u4f7f\u7528<\/h3>\n\n\n\n<p>Soci\u00e9t\u00e9H\u00f4teli\u00e8redeTarentaise\u306f\u3001\u4e3b\u306b\u305d\u306e\u9867\u5ba2\u3001\u304a\u3088\u3073\u305d\u306e\u88fd\u54c1\u3068\u30b5\u30fc\u30d3\u30b9\u3092\u77e5\u308a\u3001\u8cfc\u5165\u3057\u305f\u3044\u4eba\u304c\u4f7f\u7528\u3059\u308b\u305f\u3081\u306b\u30b5\u30a4\u30c8\u3092\u63d0\u4f9b\u3057\u3066\u3044\u307e\u3059\u3002<br>\u30b5\u30a4\u30c8\u306b\u63a5\u7d9a\u3059\u308b\u3068:<br>\u2013 \u304a\u5ba2\u69d8\u306f\u3001\u3053\u308c\u3089\u306e\u6761\u4ef6\u3001\u304a\u3088\u3073\u3088\u308a\u4e00\u822c\u7684\u306b\u9069\u7528\u3055\u308c\u308b\u6cd5\u5f8b\u3092\u9075\u5b88\u3059\u308b\u3053\u3068\u306b\u540c\u610f\u3057\u307e\u3059\u3002<br>\u2013 \u7279\u306b\u30a2\u30af\u30bb\u30b9\u3067\u304d\u308b\u500b\u4eba\u60c5\u5831\u306e\u53ce\u96c6\u3001\u60aa\u7528\u3001\u304a\u3088\u3073\u4e00\u822c\u7684\u306b\u7b2c\u4e09\u8005\u306b\u5bb3\u3092\u53ca\u307c\u3059\u53ef\u80fd\u6027\u306e\u3042\u308b\u884c\u70ba\u3092\u63a7\u3048\u308b\u3053\u3068\u3002<br>\u30d5\u30a9\u30fc\u30e0\u306b\u8a18\u5165\u3057\u3066\u60c5\u5831\u3092\u63d0\u4f9b\u3059\u308b\u3068\u3001\u6b21\u306e\u3053\u3068\u306b\u540c\u610f\u3057\u305f\u3053\u3068\u306b\u306a\u308a\u307e\u3059\u3002<br>\u2013 \u30a8\u30f3\u30c8\u30ea\u30fc\u6642\u306b\u5b9f\u969b\u306e\u3001\u6b63\u78ba\u306a\u3001\u6700\u65b0\u306e\u60c5\u5831\u3092\u63d0\u4f9b\u3057\u3001\u7279\u306b\u3001\u507d\u306e\u540d\u524d\u3001\u5c5e\u6027\u3001\u4f4f\u6240\u3001\u307e\u305f\u306f\u8a31\u53ef\u3055\u308c\u3066\u3044\u306a\u3044\u540d\u524d\u3001\u5c5e\u6027\u3001\u4f4f\u6240\u3092\u4f7f\u7528\u3057\u306a\u3044\u3053\u3068\u3002<br>\u2013 \u767b\u9332\u30c7\u30fc\u30bf\u3092\u6700\u65b0\u306e\u72b6\u614b\u306b\u4fdd\u3061\u3001\u5b9f\u969b\u306e\u6b63\u78ba\u306a\u6587\u5b57\u3092\u6c38\u7d9a\u7684\u306b\u4fdd\u8a3c\u3057\u307e\u3059\u3002<br>\u2013 \u9055\u6cd5\u3001\u975e\u96e3\u3001\u3055\u3089\u306b\u306f\u6709\u5bb3\u306a\u60c5\u5831\u3001\u30d7\u30ed\u30b0\u30e9\u30e0\u3001\u307e\u305f\u306f\u8981\u7d20 (\u30a6\u30a4\u30eb\u30b9\u3001\u30cf\u30c3\u30ad\u30f3\u30b0\u3001\u307e\u305f\u306f\u30b3\u30d4\u30fc \u30bd\u30d5\u30c8\u30a6\u30a7\u30a2\u306a\u3069) \u3092\u5229\u7528\u53ef\u80fd\u306b\u3057\u305f\u308a\u3001\u914d\u5e03\u3057\u305f\u308a\u3057\u306a\u3044\u3067\u304f\u3060\u3055\u3044\u3002<br>\u2013 \u4e2d\u50b7\u7684\u3001\u308f\u3044\u305b\u3064\u3001\u66b4\u529b\u7684\u3001\u4eba\u7a2e\u5dee\u5225\u7684\u306a\u6027\u8cea\u306e\u30b3\u30e1\u30f3\u30c8\u3001\u610f\u898b\u3001\u307e\u305f\u306f\u60c5\u5831\u3092\u5e83\u3081\u306a\u3044\u3053\u3068\u3002\u3088\u308a\u4e00\u822c\u7684\u306b\u306f\u3001\u65bd\u884c\u3055\u308c\u3066\u3044\u308b\u6cd5\u5f8b\u3084\u898f\u5236\u3001\u500b\u4eba\u306e\u6a29\u5229\u3001\u9053\u5fb3\u306b\u9055\u53cd\u3059\u308b\u3053\u3068\u3002<br>\u3053\u308c\u3089\u306e\u6761\u9805\u306b\u9055\u53cd\u3057\u305f\u5834\u5408\u3001Soci\u00e9t\u00e9 H\u00f4teli\u00e8re de Tarentaise \u306f\u3001\u30b5\u30a4\u30c8\u307e\u305f\u306f\u63d0\u4f9b\u3055\u308c\u308b\u30b5\u30fc\u30d3\u30b9\u3078\u306e\u30a2\u30af\u30bb\u30b9\u3092\u62d2\u5426\u3059\u308b\u6a29\u5229\u3092\u7559\u4fdd\u3057\u307e\u3059\u3002\u3053\u308c\u306f\u3001\u8cac\u4efb\u3092\u8ca0\u3046\u884c\u70ba\u3092\u640d\u306a\u3046\u3053\u3068\u306a\u304f\u3001\u304a\u5ba2\u69d8\u306e\u904e\u5931\u306e\u307f\u306b\u3088\u308a\u307e\u3059\u3002<\/p>\n\n\n\n<p>\u53ce\u96c6\u3057\u305f\u500b\u4eba\u30c7\u30fc\u30bf\u306e\u4f7f\u7528<\/p>\n\n\n\n<h3 class=\"wp-block-heading\">7. \u30b3\u30e1\u30f3\u30c8<\/h3>\n\n\n\n<p>\u5f53\u793e\u306e\u30a6\u30a7\u30d6\u30b5\u30a4\u30c8\u306b\u30b3\u30e1\u30f3\u30c8\u3092\u6b8b\u3059\u5834\u5408\u3001\u30b3\u30e1\u30f3\u30c8 \u30d5\u30a9\u30fc\u30e0\u306b\u5165\u529b\u3055\u308c\u305f\u30c7\u30fc\u30bf\u3060\u3051\u3067\u306a\u304f\u3001\u4e0d\u8981\u306a\u30b3\u30e1\u30f3\u30c8\u3092\u691c\u51fa\u3059\u308b\u305f\u3081\u306b\u3001IP \u30a2\u30c9\u30ec\u30b9\u3068\u30d6\u30e9\u30a6\u30b6\u30fc\u306e\u30e6\u30fc\u30b6\u30fc \u30a8\u30fc\u30b8\u30a7\u30f3\u30c8\u3082\u53ce\u96c6\u3055\u308c\u307e\u3059\u3002<\/p>\n\n\n\n<p>\u96fb\u5b50\u30e1\u30fc\u30eb \u30a2\u30c9\u30ec\u30b9\u304b\u3089\u4f5c\u6210\u3055\u308c\u305f\u533f\u540d\u5316\u3055\u308c\u305f\u6587\u5b57\u5217 (\u30cf\u30c3\u30b7\u30e5\u3068\u3082\u547c\u3070\u308c\u307e\u3059) \u3092 Gravatar \u30b5\u30fc\u30d3\u30b9\u306b\u9001\u4fe1\u3057\u3066\u3001Gravatar \u30b5\u30fc\u30d3\u30b9\u3092\u4f7f\u7528\u3057\u3066\u3044\u308b\u304b\u3069\u3046\u304b\u3092\u78ba\u8a8d\u3067\u304d\u307e\u3059\u3002 Gravatar \u30b5\u30fc\u30d3\u30b9\u306e\u6a5f\u5bc6\u4fdd\u6301\u6761\u9805\u306f\u3001https:\/\/automattic.com\/privacy\/ \u304b\u3089\u5165\u624b\u3067\u304d\u307e\u3059\u3002\u30b3\u30e1\u30f3\u30c8\u304c\u691c\u8a3c\u3055\u308c\u308b\u3068\u3001\u30d7\u30ed\u30d5\u30a3\u30fc\u30eb\u5199\u771f\u304c\u30b3\u30e1\u30f3\u30c8\u306e\u6a2a\u306b\u516c\u958b\u3055\u308c\u307e\u3059\u3002<\/p>\n\n\n\n<p>\u767b\u9332\u30e6\u30fc\u30b6\u30fc\u3067\u30a6\u30a7\u30d6\u30b5\u30a4\u30c8\u306b\u753b\u50cf\u3092\u30a2\u30c3\u30d7\u30ed\u30fc\u30c9\u3059\u308b\u5834\u5408\u3001EXIF GPS \u5ea7\u6a19\u30c7\u30fc\u30bf\u3092\u542b\u3080\u753b\u50cf\u3092\u30a2\u30c3\u30d7\u30ed\u30fc\u30c9\u3057\u306a\u3044\u3053\u3068\u3092\u304a\u52e7\u3081\u3057\u307e\u3059\u3002 Web \u30b5\u30a4\u30c8\u3078\u306e\u8a2a\u554f\u8005\u306f\u3001\u3053\u308c\u3089\u306e\u753b\u50cf\u304b\u3089\u4f4d\u7f6e\u30c7\u30fc\u30bf\u3092\u30c0\u30a6\u30f3\u30ed\u30fc\u30c9\u3057\u3066\u62bd\u51fa\u3067\u304d\u307e\u3059\u3002<\/p>\n\n\n\n<h3 class=\"wp-block-heading\">8. \u30af\u30c3\u30ad\u30fc<\/h3>\n\n\n\n<p>\u30b5\u30a4\u30c8\u306b\u30b3\u30e1\u30f3\u30c8\u3092\u6b8b\u3059\u969b\u3001\u304a\u540d\u524d\u3001\u30e1\u30fc\u30eb\u30a2\u30c9\u30ec\u30b9\u3001\u30b5\u30a4\u30c8\u3092 Cookie \u306b\u4fdd\u5b58\u3059\u308b\u3053\u3068\u306b\u540c\u610f\u3067\u304d\u307e\u3059\u3002\u3053\u308c\u306f\u3001\u5f8c\u3067\u5225\u306e\u30b3\u30e1\u30f3\u30c8\u3092\u6b8b\u3059\u5834\u5408\u306b\u3053\u306e\u60c5\u5831\u3092\u5165\u529b\u3059\u308b\u5fc5\u8981\u304c\u306a\u3044\u3088\u3046\u306b\u3059\u308b\u305f\u3081\u306e\u3082\u306e\u3067\u3059\u3002\u3053\u308c\u3089\u306e Cookie \u306e\u6709\u52b9\u671f\u9650\u306f 1 \u5e74\u3067\u3059\u3002<\/p>\n\n\n\n<p>\u30a2\u30ab\u30a6\u30f3\u30c8\u304c\u3042\u308a\u3001\u3053\u306e\u30b5\u30a4\u30c8\u306b\u63a5\u7d9a\u3059\u308b\u3068\u3001\u30d6\u30e9\u30a6\u30b6\u30fc\u304c Cookie \u3092\u53d7\u3051\u5165\u308c\u308b\u304b\u3069\u3046\u304b\u3092\u5224\u65ad\u3059\u308b\u305f\u3081\u306b\u4e00\u6642 Cookie \u304c\u4f5c\u6210\u3055\u308c\u307e\u3059\u3002\u500b\u4eba\u30c7\u30fc\u30bf\u306f\u542b\u307e\u308c\u3066\u304a\u3089\u305a\u3001\u30d6\u30e9\u30a6\u30b6\u3092\u9589\u3058\u308b\u3068\u81ea\u52d5\u7684\u306b\u524a\u9664\u3055\u308c\u307e\u3059\u3002<\/p>\n\n\n\n<p>\u30ed\u30b0\u30a4\u30f3\u3059\u308b\u3068\u3001\u30ed\u30b0\u30a4\u30f3\u306e\u8a73\u7d30\u3068\u753b\u9762\u8a2d\u5b9a\u3092\u4fdd\u5b58\u3059\u308b\u305f\u3081\u306b\u3001\u3044\u304f\u3064\u304b\u306e Cookie \u304c\u8a2d\u5b9a\u3055\u308c\u307e\u3059\u3002\u63a5\u7d9a Cookie \u306e\u6709\u52b9\u671f\u9593\u306f 2 \u65e5\u3001\u753b\u9762\u30aa\u30d7\u30b7\u30e7\u30f3 Cookie \u306e\u6709\u52b9\u671f\u9593\u306f 1 \u5e74\u3067\u3059\u3002 \u300cRemember me\u300d\u306b\u30c1\u30a7\u30c3\u30af\u3092\u5165\u308c\u308b\u3068\u3001\u30ed\u30b0\u30a4\u30f3 Cookie \u304c 2 \u9031\u9593\u4fdd\u6301\u3055\u308c\u307e\u3059\u3002\u30a2\u30ab\u30a6\u30f3\u30c8\u304b\u3089\u30ed\u30b0\u30a2\u30a6\u30c8\u3059\u308b\u3068\u3001\u30ed\u30b0\u30a4\u30f3 Cookie \u306f\u6d88\u53bb\u3055\u308c\u307e\u3059\u3002<\/p>\n\n\n\n<p>\u8a18\u4e8b\u3092\u7de8\u96c6\u307e\u305f\u306f\u516c\u958b\u3059\u308b\u3068\u3001\u8ffd\u52a0\u306e Cookie \u304c\u30d6\u30e9\u30a6\u30b6\u30fc\u306b\u4fdd\u5b58\u3055\u308c\u307e\u3059\u3002\u3053\u306e Cookie \u306b\u306f\u500b\u4eba\u30c7\u30fc\u30bf\u306f\u542b\u307e\u308c\u307e\u305b\u3093\u3002\u5909\u66f4\u3057\u305f\u3070\u304b\u308a\u306e\u8a18\u4e8b\u306e\u8b58\u5225\u5b50\u3092\u793a\u3059\u3060\u3051\u3067\u3059\u3002\u6709\u52b9\u671f\u9650\u306f 1 \u65e5\u3067\u3059\u3002<\/p>\n\n\n\n<h3 class=\"wp-block-heading\">9. \u4ed6\u306e\u30b5\u30a4\u30c8\u304b\u3089\u306e\u57cb\u3081\u8fbc\u307f\u30b3\u30f3\u30c6\u30f3\u30c4<\/h3>\n\n\n\n<p>\u3053\u306e\u30b5\u30a4\u30c8\u306e\u8a18\u4e8b\u306b\u306f\u57cb\u3081\u8fbc\u307f\u30b3\u30f3\u30c6\u30f3\u30c4 (\u52d5\u753b\u3001\u753b\u50cf\u3001\u8a18\u4e8b\u306a\u3069) \u304c\u542b\u307e\u308c\u308b\u5834\u5408\u304c\u3042\u308a\u307e\u3059\u3002\u4ed6\u306e\u30b5\u30a4\u30c8\u304b\u3089\u57cb\u3081\u8fbc\u307e\u308c\u305f\u30b3\u30f3\u30c6\u30f3\u30c4\u306f\u3001\u8a2a\u554f\u8005\u304c\u305d\u306e\u4ed6\u306e\u30b5\u30a4\u30c8\u306b\u30a2\u30af\u30bb\u30b9\u3057\u305f\u5834\u5408\u3068\u540c\u3058\u3088\u3046\u306b\u52d5\u4f5c\u3057\u307e\u3059\u3002<\/p>\n\n\n\n<p>\u3053\u308c\u3089\u306e Web \u30b5\u30a4\u30c8\u306f\u3001\u3042\u306a\u305f\u306b\u95a2\u3059\u308b\u30c7\u30fc\u30bf\u3092\u53ce\u96c6\u3057\u305f\u308a\u3001Cookie \u3092\u4f7f\u7528\u3057\u305f\u308a\u3001\u30b5\u30fc\u30c9\u30d1\u30fc\u30c6\u30a3\u306e\u8ffd\u8de1\u30c4\u30fc\u30eb\u3092\u57cb\u3081\u8fbc\u3093\u3060\u308a\u3001\u3053\u306e\u57cb\u3081\u8fbc\u307f\u30b3\u30f3\u30c6\u30f3\u30c4\u3068\u306e\u3084\u308a\u53d6\u308a\u3092\u8ffd\u8de1\u3057\u305f\u308a\u3059\u308b\u53ef\u80fd\u6027\u304c\u3042\u308a\u307e\u3059 (\u30a2\u30ab\u30a6\u30f3\u30c8\u304c Web \u30b5\u30a4\u30c8\u306b\u63a5\u7d9a\u3055\u308c\u3066\u3044\u308b\u5834\u5408)\u3002<\/p>\n\n\n\n<h3 class=\"wp-block-heading\">10. \u30c7\u30fc\u30bf\u306e\u4fdd\u7ba1\u671f\u9593<\/h3>\n\n\n\n<p>\u30b3\u30e1\u30f3\u30c8\u3092\u6b8b\u3059\u3068\u3001\u30b3\u30e1\u30f3\u30c8\u3068\u305d\u306e\u30e1\u30bf\u30c7\u30fc\u30bf\u304c\u7121\u671f\u9650\u306b\u4fdd\u6301\u3055\u308c\u307e\u3059\u3002\u3053\u308c\u306b\u3088\u308a\u3001\u5f8c\u7d9a\u306e\u30b3\u30e1\u30f3\u30c8\u304c\u30e2\u30c7\u30ec\u30fc\u30b7\u30e7\u30f3 \u30ad\u30e5\u30fc\u306b\u6b8b\u3055\u308c\u308b\u306e\u3067\u306f\u306a\u304f\u3001\u81ea\u52d5\u7684\u306b\u8a8d\u8b58\u304a\u3088\u3073\u627f\u8a8d\u3055\u308c\u307e\u3059\u3002<\/p>\n\n\n\n<p>\u5f53\u793e\u306e\u30b5\u30a4\u30c8\u306b\u767b\u9332\u3057\u305f\u30e6\u30fc\u30b6\u30fc (\u53ef\u80fd\u306a\u5834\u5408) \u306b\u3064\u3044\u3066\u306f\u3001\u30d7\u30ed\u30d5\u30a1\u30a4\u30eb\u306b\u793a\u3055\u308c\u3066\u3044\u308b\u500b\u4eba\u30c7\u30fc\u30bf\u3082\u4fdd\u5b58\u3057\u307e\u3059\u3002\u3059\u3079\u3066\u306e\u30e6\u30fc\u30b6\u30fc\u306f\u3044\u3064\u3067\u3082\u81ea\u5206\u306e\u500b\u4eba\u60c5\u5831\u3092\u8868\u793a\u3001\u5909\u66f4\u3001\u307e\u305f\u306f\u524a\u9664\u3067\u304d\u307e\u3059 (username\u00b7ice \u3092\u9664\u304f)\u3002\u30b5\u30a4\u30c8\u7ba1\u7406\u8005\u306f\u3001\u3053\u306e\u60c5\u5831\u3092\u8868\u793a\u304a\u3088\u3073\u7de8\u96c6\u3059\u308b\u3053\u3068\u3082\u3067\u304d\u307e\u3059\u3002<\/p>\n\n\n\n<h3 class=\"wp-block-heading\">11. \u30c7\u30fc\u30bf\u306b\u5bfe\u3059\u308b\u3042\u306a\u305f\u306e\u6a29\u5229<\/h3>\n\n\n\n<p>\u30a2\u30ab\u30a6\u30f3\u30c8\u3092\u6301\u3063\u3066\u3044\u308b\u304b\u3001\u3053\u306e\u30b5\u30a4\u30c8\u306b\u30b3\u30e1\u30f3\u30c8\u3092\u6b8b\u3057\u305f\u3053\u3068\u304c\u3042\u308b\u5834\u5408\u306f\u3001\u63d0\u4f9b\u3057\u305f\u3082\u306e\u3092\u542b\u3081\u3001\u79c1\u305f\u3061\u304c\u4fdd\u6301\u3059\u308b\u3042\u306a\u305f\u306b\u95a2\u3059\u308b\u3059\u3079\u3066\u306e\u500b\u4eba\u30c7\u30fc\u30bf\u3092\u542b\u3080\u30d5\u30a1\u30a4\u30eb\u306e\u53d7\u4fe1\u3092\u30ea\u30af\u30a8\u30b9\u30c8\u3067\u304d\u307e\u3059\u3002\u307e\u305f\u3001\u304a\u5ba2\u69d8\u306b\u95a2\u3059\u308b\u500b\u4eba\u30c7\u30fc\u30bf\u306e\u524a\u9664\u3092\u8981\u6c42\u3059\u308b\u3053\u3068\u3082\u3067\u304d\u307e\u3059\u3002\u3053\u308c\u306f\u3001\u7ba1\u7406\u3001\u6cd5\u5f8b\u3001\u307e\u305f\u306f\u30bb\u30ad\u30e5\u30ea\u30c6\u30a3\u4e0a\u306e\u7406\u7531\u3067\u4fdd\u5b58\u3055\u308c\u305f\u30c7\u30fc\u30bf\u3092\u8003\u616e\u3057\u3066\u3044\u307e\u305b\u3093\u3002<\/p>\n\n\n\n<h3 class=\"wp-block-heading\">12. \u500b\u4eba\u30c7\u30fc\u30bf\u306e\u9001\u4fe1<\/h3>\n\n\n\n<p>\u8a2a\u554f\u8005\u306b\u3088\u308b\u30b3\u30e1\u30f3\u30c8\u306f\u3001\u81ea\u52d5\u30b9\u30d1\u30e0\u691c\u51fa\u30b5\u30fc\u30d3\u30b9\u3092\u901a\u3058\u3066\u78ba\u8a8d\u3092\u884c\u3046\u5834\u5408\u304c\u3042\u308a\u307e\u3059\u3002<\/p>\n\n\n<p><\/p>\n<p>&nbsp;<\/p>","protected":false},"excerpt":{"rendered":"<p>Web \u30c7\u30b6\u30a4\u30f3\u3068\u958b\u767a SQUID \u2013 www.agencesquid.com 1. \u6cd5\u7684\u60c5\u5831 \u30b5\u30a4\u30c8\u306e\u767a\u884c\u8005\u306f\u300110,000 \u30e6\u30fc\u30ed\u306e\u682a\u5f0f\u8cc7\u672c\u3092\u6301\u3064 Soci\u00e9t\u00e9 H\u00f4teli\u00e8re de Tarentaise \u3067\u3042\u308a\u3001\u30b7\u30e3\u30f3\u30d9\u30ea\u8cbf\u6613\u4f1a\u793e\u767b\u9332\u7c3f\u306b\u767b\u9332\u3055\u308c\u3066\u3044\u307e\u3059\u3002 VAT \u756a\u53f7 FR 615 298 232 96\u672c\u793e\u2026<\/p>","protected":false},"author":1,"featured_media":0,"parent":0,"menu_order":0,"comment_status":"closed","ping_status":"closed","template":"","meta":{"_exactmetrics_skip_tracking":false,"_exactmetrics_sitenote_active":false,"_exactmetrics_sitenote_note":"","_exactmetrics_sitenote_category":0,"footnotes":""},"_links":{"self":[{"href":"https:\/\/hotel-arcadien.com\/ja\/wp-json\/wp\/v2\/pages\/3"}],"collection":[{"href":"https:\/\/hotel-arcadien.com\/ja\/wp-json\/wp\/v2\/pages"}],"about":[{"href":"https:\/\/hotel-arcadien.com\/ja\/wp-json\/wp\/v2\/types\/page"}],"author":[{"embeddable":true,"href":"https:\/\/hotel-arcadien.com\/ja\/wp-json\/wp\/v2\/users\/1"}],"replies":[{"embeddable":true,"href":"https:\/\/hotel-arcadien.com\/ja\/wp-json\/wp\/v2\/comments?post=3"}],"version-history":[{"count":14,"href":"https:\/\/hotel-arcadien.com\/ja\/wp-json\/wp\/v2\/pages\/3\/revisions"}],"predecessor-version":[{"id":1374,"href":"https:\/\/hotel-arcadien.com\/ja\/wp-json\/wp\/v2\/pages\/3\/revisions\/1374"}],"wp:attachment":[{"href":"https:\/\/hotel-arcadien.com\/ja\/wp-json\/wp\/v2\/media?parent=3"}],"curies":[{"name":"wp","href":"https:\/\/api.w.org\/{rel}","templated":true}]}}