{"id":3,"date":"2019-01-04T11:41:23","date_gmt":"2019-01-04T10:41:23","guid":{"rendered":"https:\/\/hotel-arcadien.com\/?page_id=3"},"modified":"2019-10-09T10:53:25","modified_gmt":"2019-10-09T08:53:25","slug":"mentions-legales","status":"publish","type":"page","link":"https:\/\/hotel-arcadien.com\/nl\/juridische-kennisgeving\/","title":{"rendered":"Juridische kennisgeving"},"content":{"rendered":"<h3 class=\"wp-block-heading\">Webdesign en ontwikkeling<\/h3>\n\n\n\n<p>INKTVIS- <a href=\"http:\/\/www.agencesquid.com\">www.agencesquid.com<\/a><\/p>\n\n\n\n<h3 class=\"wp-block-heading\">1. JURIDISCHE INFORMATIE<\/h3>\n\n\n\n<p>De uitgever van de Site is de Soci\u00e9t\u00e9 H\u00f4teli\u00e8re de Tarentaise, met een maatschappelijk kapitaal van \u20ac 10.000, ingeschreven in het handels- en vennootschapsregister van Chamb\u00e9ry. BTW-nummer FR 615 298 232 96<br>Het hoofdkantoor is gevestigd: 213 Avenue de Tarentaise<br>73210 Aime-la-Plagne<br>Tel: 04 79 55 62 93<br><\/p>\n\n\n\n<h3 class=\"wp-block-heading\">2. SITE HOSTING<\/h3>\n\n\n\n<p>De website www.hotel-arcadien.com wordt gehost door het bedrijf OVH, SAS met een kapitaal van 10.000.000 euro, geregistreerd bij de RCS van Roubaix-Tourcoing onder nummer 424 761 419 00045.<br>Hoofdkantoor: 2 rue Kellerman 59100 Roubaix Frankrijk<\/p>\n\n\n\n<h3 class=\"wp-block-heading\">3. INTELLECTUELE EIGENDOMSRECHTEN<\/h3>\n\n\n\n<p>De Site en al zijn inhoud (in het bijzonder de handelsmerken, logo&#039;s, elk grafisch, tekstueel en computerelement van de Site, inclusief in het bijzonder boomstructuren, lay-outs, artikelen, presentaties, illustraties, foto&#039;s en\/of enig ander document) zijn beschermd door Franse en internationale wetten op auteursrecht en intellectueel eigendom.<br>Er kan geen interpretatie worden gemaakt ten gunste van een gebruikerslicentie of enig recht om deze elementen te gebruiken.<br>Als zodanig zijn hun weergaven, reproducties, nestingen, distributies en heruitzendingen, gedeeltelijk of volledig, verboden (Artikel L. 122-4 van het Wetboek van Intellectuele Eigendom). Elke persoon die dit doet zonder de voorafgaande en uitdrukkelijke toestemming van de houder van deze rechten te kunnen rechtvaardigen, riskeert de sancties met betrekking tot het misdrijf namaak (artikelen L. 335-2 en volgende van het Wetboek van Intellectuele Eigendom). de Soci\u00e9t\u00e9 H\u00f4teli\u00e8re de Tarentaise kan gebruik maken van haar rechten, met name intellectuele eigendom, om een procedure in te leiden, met name een strafrechtelijke procedure.<br>de Soci\u00e9t\u00e9 H\u00f4teli\u00e8re de Tarentaise behoudt zich het recht voor om op elk moment de informatie, producten, programma&#039;s of gebruiksvoorwaarden die op de Site worden beschreven, te verbeteren of te wijzigen, zonder dat zij daardoor aansprakelijk kan worden gesteld. De toepasselijke voorwaarden en mededelingen zijn die welke van kracht zijn op de datum van uw verbinding met de Site.<\/p>\n\n\n\n<h3 class=\"wp-block-heading\">4. HYPERTEXT-LINKS<\/h3>\n\n\n\n<p>De gebruiker die zou worden omgeleid naar een site van een derde partij via een hyperlink die in de richting van andere sites is opgesteld, erkent dat de Soci\u00e9t\u00e9 H\u00f4teli\u00e8re de Tarentaise geen controle heeft over de inhoud, informatie, producten en diensten die op deze sites worden aangeboden. Bijgevolg kan de Soci\u00e9t\u00e9 H\u00f4teli\u00e8re de Tarentaise op geen enkele manier aansprakelijk worden gesteld voor enige directe of indirecte schade die voortvloeit uit het gebruik van sites die toegankelijk zijn via hyperlinks.<br>Soci\u00e9t\u00e9 H\u00f4teli\u00e8re de Tarentaise is evenmin verantwoordelijk voor hyperlinks die naar de Site verwijzen.<br>Iedereen die hyperlinks naar de site wil opzetten, moet de voorafgaande schriftelijke toestemming van de Soci\u00e9t\u00e9 H\u00f4teli\u00e8re de Tarentaise verkrijgen.<\/p>\n\n\n\n<h3 class=\"wp-block-heading\">5. BEPERKING VAN GARANTIE<\/h3>\n\n\n\n<p>de Soci\u00e9t\u00e9 H\u00f4teli\u00e8re de Tarentaise herinnert internetgebruikers aan de kenmerken en beperkingen van het internetnetwerk. Soci\u00e9t\u00e9 H\u00f4teli\u00e8re de Tarentaise kan niet aansprakelijk worden gesteld voor schade die voortvloeit uit de toegang tot de site of, integendeel, de onmogelijkheid om toegang te krijgen tot de site. de Soci\u00e9t\u00e9 H\u00f4teli\u00e8re de Tarentaise kan niet aansprakelijk worden gesteld in geval van onbeschikbaarheid van de Site, om welke reden dan ook (technische storing, netwerkcongestie, enz.).<br>De gebruiker geeft uitdrukkelijk toe de Site op eigen risico en onder zijn exclusieve verantwoordelijkheid te gebruiken. de Soci\u00e9t\u00e9 H\u00f4teli\u00e8re de Tarentaise kan niet aansprakelijk worden gesteld voor enige schade, direct of indirect, materi\u00eble of immateri\u00eble schade toegebracht aan gebruikers, aan hun computer- of telecommunicatieapparatuur, aan de daarin opgeslagen gegevens en aan de gevolgen die daaruit kunnen voortvloeien voor hun persoonlijke activiteit, professionele of commercieel.<br>De informatie op de Site wordt uitsluitend ter informatie verstrekt. De informatie die op deze Site wordt gepubliceerd, wordt regelmatig bijgewerkt en gecontroleerd, maar kan nog steeds fouten bevatten. De informatie moet in elk geval in aanmerking worden genomen wanneer deze online wordt gezet en niet wanneer u de Site raadpleegt (deze gegevens kunnen zijn bijgewerkt tussen het moment dat u ze downloadde en waar u ze leest). In ieder geval kan de verantwoordelijkheid van de Soci\u00e9t\u00e9 H\u00f4teli\u00e8re de Tarentaise niet worden aangegaan vanwege deze informatie.null<\/p>\n\n\n\n<h3 class=\"wp-block-heading\">6. GEBRUIK VAN DE SITE<\/h3>\n\n\n\n<p>de Soci\u00e9t\u00e9 H\u00f4teli\u00e8re de Tarentaise biedt de Site voornamelijk aan voor het gebruik van haar klanten en iedereen die haar producten en diensten wil leren kennen en kopen.<br>Wanneer u verbinding maakt met de site:<br>\u2013 u stemt ermee in om te voldoen aan deze voorwaarden en, meer in het algemeen, de toepasselijke wetgeving,<br>\u2013 u onthoudt zich van elke verzameling, misbruik, in het bijzonder, van de persoonlijke informatie waartoe u toegang zou kunnen hebben en, in het algemeen, van elke handeling die derden kan schaden.<br>Wanneer u een formulier invult en informatie verstrekt, gaat u akkoord met:<br>\u2013 echte, exacte, actuele informatie te verstrekken op het moment van hun invoer en in het bijzonder geen valse namen, kwaliteiten of adressen, of namen, kwaliteiten of adressen te gebruiken zonder daartoe bevoegd te zijn,<br>\u2013 de registratiegegevens up-to-date houden om hun echte en exacte karakter permanent te garanderen,<br>\u2013 geen illegale, laakbare of zelfs schadelijke informatie, programma&#039;s of elementen (zoals virussen, hacking- of kopieersoftware) beschikbaar te stellen of te verspreiden.<br>\u2013 geen opmerkingen, meningen of informatie te verspreiden van lasterlijke, obscene, gewelddadige, racistische aard en meer in het algemeen in strijd met de geldende wetten en voorschriften, de rechten van personen en de goede zeden.<br>In geval van schending van deze bepalingen, behoudt Soci\u00e9t\u00e9 H\u00f4teli\u00e8re de Tarentaise zich het recht voor om u de toegang tot de Site of de aangeboden diensten te ontzeggen, uitsluitend door uw schuld en dit, onverminderd eventuele aansprakelijkheidsacties.<\/p>\n\n\n\n<p>Gebruik van verzamelde persoonlijke gegevens<\/p>\n\n\n\n<h3 class=\"wp-block-heading\">7. OPMERKINGEN<\/h3>\n\n\n\n<p>Wanneer u een reactie achterlaat op onze website, worden de gegevens die zijn ingevoerd in het reactieformulier, maar ook uw IP-adres en de user-agent van uw browser verzameld om ons te helpen ongewenste reacties te detecteren.<\/p>\n\n\n\n<p>Een geanonimiseerde string gemaakt van uw e-mailadres (ook wel hash genoemd) kan naar de Gravatar-service worden gestuurd om te controleren of u deze gebruikt. De vertrouwelijkheidsclausules van de Gravatar-service zijn hier beschikbaar: https:\/\/automattic.com\/privacy\/. Na validatie van je reactie zal je profielfoto publiekelijk zichtbaar zijn naast je reactie.<\/p>\n\n\n\n<p>Als u een geregistreerde gebruiker bent en afbeeldingen naar de website uploadt, raden wij u aan om geen afbeeldingen te uploaden die EXIF GPS-co\u00f6rdinaatgegevens bevatten. Bezoekers van uw website kunnen locatiegegevens uit deze afbeeldingen downloaden en extraheren.<\/p>\n\n\n\n<h3 class=\"wp-block-heading\">8. COOKIES<\/h3>\n\n\n\n<p>Als u een reactie achterlaat op onze site, wordt u aangeboden om uw naam, e-mailadres en website op te slaan in cookies. Dit is alleen voor uw comfort, zodat u deze informatie niet hoeft in te voeren als u later nog een opmerking achterlaat. Deze cookies verlopen na een jaar.<\/p>\n\n\n\n<p>Als u een account heeft en verbinding maakt met deze site, wordt er een tijdelijke cookie aangemaakt om te bepalen of uw browser cookies accepteert. Het bevat geen persoonlijke gegevens en wordt automatisch verwijderd wanneer u uw browser sluit.<\/p>\n\n\n\n<p>Wanneer u inlogt, zullen we een aantal cookies plaatsen om uw inloggegevens en schermvoorkeuren op te slaan. De levensduur van een verbindingscookie is twee dagen, die van een schermoptiecookie is \u00e9\u00e9n jaar. Als u \u201cOnthoud mij\u201d aanvinkt, wordt uw login-cookie twee weken bewaard. Als u uitlogt van uw account, wordt de login-cookie gewist.<\/p>\n\n\n\n<p>Door een artikel te bewerken of te publiceren, wordt er een extra cookie in uw browser opgeslagen. Deze cookie bevat geen persoonlijke gegevens. Het geeft eenvoudig de identifier aan van het artikel dat u zojuist hebt gewijzigd. Deze verloopt na een dag.<\/p>\n\n\n\n<h3 class=\"wp-block-heading\">9. INGEBEDDE INHOUD VAN ANDERE SITES<\/h3>\n\n\n\n<p>Artikelen op deze site kunnen ingesloten inhoud bevatten (bijvoorbeeld video&#039;s, afbeeldingen, artikelen, enz.). Ingesloten inhoud van andere sites gedraagt zich op dezelfde manier alsof de bezoeker naar die andere site zou komen.<\/p>\n\n\n\n<p>Deze websites kunnen gegevens over u verzamelen, cookies gebruiken, trackingtools van derden insluiten en uw interacties met deze ingesloten inhoud volgen als u een account hebt dat is gekoppeld aan hun website.<\/p>\n\n\n\n<h3 class=\"wp-block-heading\">10. OPSLAGTIJDEN VAN UW GEGEVENS<\/h3>\n\n\n\n<p>Als je een reactie achterlaat, worden de reactie en de bijbehorende metadata voor onbepaalde tijd bewaard. Dit herkent en keurt volgende opmerkingen automatisch goed in plaats van ze in de moderatiewachtrij te laten.<\/p>\n\n\n\n<p>Voor gebruikers die zich (indien mogelijk) op onze site registreren, slaan we ook de persoonlijke gegevens op die in hun profiel worden vermeld. Alle gebruikers kunnen hun persoonlijke informatie op elk moment zien, wijzigen of verwijderen (behalve hun gebruikersnaam\u00b7ice). Sitebeheerders kunnen deze informatie ook bekijken en bewerken.<\/p>\n\n\n\n<h3 class=\"wp-block-heading\">11. DE RECHTEN DIE U HEBT OVER UW GEGEVENS<\/h3>\n\n\n\n<p>Als je een account hebt of als je reacties hebt achtergelaten op de site, kun je verzoeken om een bestand met alle persoonlijke gegevens die we van je hebben, inclusief de gegevens die je aan ons hebt verstrekt. U kunt ook verzoeken om verwijdering van uw persoonsgegevens. Hierbij wordt geen rekening gehouden met gegevens die zijn opgeslagen om administratieve, wettelijke of veiligheidsredenen.<\/p>\n\n\n\n<h3 class=\"wp-block-heading\">12. TRANSMISSIE VAN UW PERSOONLIJKE GEGEVENS<\/h3>\n\n\n\n<p>Reacties van bezoekers kunnen worden gecontroleerd via een geautomatiseerde spamdetectieservice.<\/p>\n\n\n<p><\/p>\n<p>&nbsp;<\/p>","protected":false},"excerpt":{"rendered":"<p>Webdesign en -ontwikkeling SQUID \u2013 www.agencesquid.com 1. JURIDISCHE INFORMATIE De uitgever van de site is de Soci\u00e9t\u00e9 H\u00f4teli\u00e8re de Tarentaise, met een aandelenkapitaal van \u20ac 10.000, ingeschreven in het handels- en vennootschapsregister van Chambery. BTW-nummer FR 615 298 232 96Het hoofdkantoor\u2026<\/p>","protected":false},"author":1,"featured_media":0,"parent":0,"menu_order":0,"comment_status":"closed","ping_status":"closed","template":"","meta":{"_exactmetrics_skip_tracking":false,"_exactmetrics_sitenote_active":false,"_exactmetrics_sitenote_note":"","_exactmetrics_sitenote_category":0,"footnotes":""},"_links":{"self":[{"href":"https:\/\/hotel-arcadien.com\/nl\/wp-json\/wp\/v2\/pages\/3"}],"collection":[{"href":"https:\/\/hotel-arcadien.com\/nl\/wp-json\/wp\/v2\/pages"}],"about":[{"href":"https:\/\/hotel-arcadien.com\/nl\/wp-json\/wp\/v2\/types\/page"}],"author":[{"embeddable":true,"href":"https:\/\/hotel-arcadien.com\/nl\/wp-json\/wp\/v2\/users\/1"}],"replies":[{"embeddable":true,"href":"https:\/\/hotel-arcadien.com\/nl\/wp-json\/wp\/v2\/comments?post=3"}],"version-history":[{"count":14,"href":"https:\/\/hotel-arcadien.com\/nl\/wp-json\/wp\/v2\/pages\/3\/revisions"}],"predecessor-version":[{"id":1374,"href":"https:\/\/hotel-arcadien.com\/nl\/wp-json\/wp\/v2\/pages\/3\/revisions\/1374"}],"wp:attachment":[{"href":"https:\/\/hotel-arcadien.com\/nl\/wp-json\/wp\/v2\/media?parent=3"}],"curies":[{"name":"wp","href":"https:\/\/api.w.org\/{rel}","templated":true}]}}