{"id":646,"date":"2019-01-15T09:48:35","date_gmt":"2019-01-15T08:48:35","guid":{"rendered":"https:\/\/hotel-arcadien.com\/?page_id=646"},"modified":"2022-10-24T09:18:56","modified_gmt":"2022-10-24T07:18:56","slug":"promotions","status":"publish","type":"page","link":"https:\/\/hotel-arcadien.com\/nl\/promoties\/","title":{"rendered":"Specials"},"content":{"rendered":"<div      class=\"vc_row wpb_row section vc_row-fluid \" style=' text-align:left;'><div class=\" full_section_inner clearfix\"><div class=\"wpb_column vc_column_container vc_col-sm-12\"><div class=\"vc_column-inner\"><div class=\"wpb_wrapper\"><div class=\"wpb_revslider_element wpb_content_element\"><link href=\"https:\/\/fonts.googleapis.com\/css?family=Kanit:600%2C500%7CLato:700\" rel=\"stylesheet\" property=\"stylesheet\" type=\"text\/css\" media=\"all\">\n<div id=\"rev_slider_9_1_wrapper\" class=\"rev_slider_wrapper fullscreen-container\" data-source=\"gallery\" style=\"background:#080808;padding:0px;\">\n<!-- START REVOLUTION SLIDER 5.4.8 fullscreen mode -->\n\t<div id=\"rev_slider_9_1\" class=\"rev_slider fullscreenbanner\" style=\"display:none;\" data-version=\"5.4.8\">\n<ul>\t<!-- SLIDE  -->\n\t<li data-index=\"rs-26\" data-transition=\"fade\" data-slotamount=\"default\" data-hideafterloop=\"0\" data-hideslideonmobile=\"off\"  data-easein=\"default\" data-easeout=\"default\" data-masterspeed=\"default\"  data-thumb=\"https:\/\/hotel-arcadien.com\/wp-content\/uploads\/2019\/01\/Sans-titre-5-100x50.gif\"  data-rotate=\"0\"  data-saveperformance=\"off\"  data-mediafilter=\"mayfair\" data-title=\"Slide\" data-param1=\"\" data-param2=\"\" data-param3=\"\" data-param4=\"\" data-param5=\"\" data-param6=\"\" data-param7=\"\" data-param8=\"\" data-param9=\"\" data-param10=\"\" data-description=\"\">\n\t\t<!-- MAIN IMAGE -->\n\t\t<img loading=\"lazy\" decoding=\"async\" src=\"https:\/\/hotel-arcadien.com\/wp-content\/uploads\/2019\/01\/Sans-titre-5.gif\"  alt=\"\" title=\"h\u00f4tel arcadien les arcs\"  width=\"1920\" height=\"800\" data-bgposition=\"center center\" data-bgfit=\"cover\" data-bgrepeat=\"no-repeat\" data-bgparallax=\"off\" class=\"rev-slidebg\" data-no-retina>\n\t\t<!-- LAYERS -->\n\n\t\t<!-- LAYER NR. 1 -->\n\t\t<div class=\"tp-caption  \" \n\t\t\t id=\"slide-26-layer-2\" \n\t\t\t data-x=\"['left','left','left','left']\" data-hoffset=\"['-1','-1','19','3']\" \n\t\t\t data-y=\"['middle','middle','middle','middle']\" data-voffset=\"['-176','-193','-253','-274']\" \n\t\t\t\t\t\tdata-fontsize=\"['80','80','60','40']\"\n\t\t\tdata-fontweight=\"['600','500','500','500']\"\n\t\t\tdata-letterspacing=\"['13','13','13','7']\"\n\t\t\tdata-width=\"none\"\n\t\t\tdata-height=\"none\"\n\t\t\tdata-whitespace=\"nowrap\"\n \n\t\t\tdata-type=\"text\" \n\t\t\tdata-responsive_offset=\"on\" \n\t\t\tdata-responsive=\"off\"\n\t\t\tdata-frames='[{\"delay\":0,\"speed\":500,\"frame\":\"0\",\"from\":\"x:50px;opacity:0;\",\"to\":\"o:1;\",\"ease\":\"Power1.easeOut\"},{\"delay\":\"+-500\",\"speed\":300,\"frame\":\"999\",\"to\":\"opacity:0;\",\"ease\":\"Power1.easeOut\"}]'\n\t\t\tdata-textAlign=\"['inherit','inherit','inherit','inherit']\"\n\t\t\tdata-paddingtop=\"[0,0,0,0]\"\n\t\t\tdata-paddingright=\"[0,0,0,0]\"\n\t\t\tdata-paddingbottom=\"[0,0,0,0]\"\n\t\t\tdata-paddingleft=\"[0,0,0,0]\"\n\n\t\t\tstyle=\"z-index: 5; white-space: nowrap; font-size: 80px; line-height: 83px; font-weight: 600; color: #1f2a36; letter-spacing: 13px;font-family:Kanit;\">PROMOTIONS <\/div>\n\n\t\t<!-- LAYER NR. 2 -->\n\t\t<div class=\"tp-caption  \" \n\t\t\t id=\"slide-26-layer-5\" \n\t\t\t data-x=\"['left','left','left','left']\" data-hoffset=\"['2','7','22','2']\" \n\t\t\t data-y=\"['middle','middle','middle','middle']\" data-voffset=\"['118','2','-36','-49']\" \n\t\t\t\t\t\tdata-fontsize=\"['26','26','24','18']\"\n\t\t\tdata-width=\"['760','603','503','231']\"\n\t\t\tdata-height=\"['97','67','68','133']\"\n\t\t\tdata-whitespace=\"normal\"\n \n\t\t\tdata-type=\"text\" \n\t\t\tdata-responsive_offset=\"on\" \n\t\t\tdata-responsive=\"off\"\n\t\t\tdata-frames='[{\"delay\":0,\"speed\":500,\"frame\":\"0\",\"from\":\"x:50px;opacity:0;\",\"to\":\"o:1;\",\"ease\":\"Power1.easeOut\"},{\"delay\":\"+-500\",\"speed\":300,\"frame\":\"999\",\"to\":\"opacity:0;\",\"ease\":\"Power1.easeOut\"}]'\n\t\t\tdata-textAlign=\"['inherit','inherit','inherit','inherit']\"\n\t\t\tdata-paddingtop=\"[0,0,0,0]\"\n\t\t\tdata-paddingright=\"[0,0,0,0]\"\n\t\t\tdata-paddingbottom=\"[0,0,0,0]\"\n\t\t\tdata-paddingleft=\"[0,0,0,0]\"\n\n\t\t\tstyle=\"z-index: 6; min-width: 760px; max-width: 760px; max-width: 97px; max-width: 97px; white-space: normal; font-size: 26px; line-height: 32px; font-weight: 700; color: #1f2a36; letter-spacing: 0px;font-family:Lato;\">Vous aimez les bons plans? <\/div>\n\n\t\t<!-- LAYER NR. 3 -->\n\t\t<div class=\"tp-caption  \" \n\t\t\t id=\"slide-26-layer-9\" \n\t\t\t data-x=\"['left','left','left','left']\" data-hoffset=\"['-1','-1','19','1']\" \n\t\t\t data-y=\"['middle','middle','middle','middle']\" data-voffset=\"['-51','-91','-143','-195']\" \n\t\t\t\t\t\tdata-fontsize=\"['80','80','60','40']\"\n\t\t\tdata-fontweight=\"['600','500','500','500']\"\n\t\t\tdata-letterspacing=\"['13','13','13','7']\"\n\t\t\tdata-width=\"none\"\n\t\t\tdata-height=\"none\"\n\t\t\tdata-whitespace=\"nowrap\"\n \n\t\t\tdata-type=\"text\" \n\t\t\tdata-responsive_offset=\"on\" \n\t\t\tdata-responsive=\"off\"\n\t\t\tdata-frames='[{\"delay\":0,\"speed\":500,\"frame\":\"0\",\"from\":\"x:50px;opacity:0;\",\"to\":\"o:1;\",\"ease\":\"Power1.easeOut\"},{\"delay\":\"+-500\",\"speed\":300,\"frame\":\"999\",\"to\":\"opacity:0;\",\"ease\":\"Power1.easeOut\"}]'\n\t\t\tdata-textAlign=\"['inherit','inherit','inherit','inherit']\"\n\t\t\tdata-paddingtop=\"[0,0,0,0]\"\n\t\t\tdata-paddingright=\"[0,0,0,0]\"\n\t\t\tdata-paddingbottom=\"[0,0,0,0]\"\n\t\t\tdata-paddingleft=\"[0,0,0,0]\"\n\n\t\t\tstyle=\"z-index: 7; white-space: nowrap; font-size: 80px; line-height: 83px; font-weight: 600; color: #1f2a36; letter-spacing: 13px;font-family:Kanit;\">&PACKAGES <\/div>\n\t<\/li>\n<\/ul>\n<div class=\"tp-bannertimer tp-bottom\" style=\"visibility: hidden !important;\"><\/div>\t<\/div>\n<script>var htmlDiv = document.getElementById(\"rs-plugin-settings-inline-css\"); var htmlDivCss=\"\";\r\n\t\t\t\tif(htmlDiv) {\r\n\t\t\t\t\thtmlDiv.innerHTML = htmlDiv.innerHTML + htmlDivCss;\r\n\t\t\t\t}else{\r\n\t\t\t\t\tvar htmlDiv = document.createElement(\"div\");\r\n\t\t\t\t\thtmlDiv.innerHTML = \"<style>\" + htmlDivCss + \"<\/style>\";\r\n\t\t\t\t\tdocument.getElementsByTagName(\"head\")[0].appendChild(htmlDiv.childNodes[0]);\r\n\t\t\t\t}\r\n\t\t\t<\/script>\n\t\t<script type=\"text\/javascript\">\r\nif (setREVStartSize!==undefined) setREVStartSize(\r\n\t{c: '#rev_slider_9_1', responsiveLevels: [1240,1024,778,480], gridwidth: [1200,1200,1024,480], gridheight: [868,768,960,720], sliderLayout: 'fullscreen', fullScreenAutoWidth:'off', fullScreenAlignForce:'off', fullScreenOffsetContainer:'', fullScreenOffset:'80'});\r\n\t\t\t\r\nvar revapi9,\r\n\ttpj;\t\r\n(function() {\t\t\t\r\n\tif (!\/loaded|interactive|complete\/.test(document.readyState)) document.addEventListener(\"DOMContentLoaded\",onLoad); else onLoad();\t\r\n\tfunction onLoad() {\t\t\t\t\r\n\t\tif (tpj===undefined) { tpj = jQuery; if(\"off\" == \"on\") tpj.noConflict();}\r\n\tif(tpj(\"#rev_slider_9_1\").revolution == undefined){\n\t\trevslider_showDoubleJqueryError(\"#rev_slider_9_1\");\n\t}else{\n\t\trevapi9 = tpj(\"#rev_slider_9_1\").show().revolution({\n\t\t\tsliderType:\"hero\",\n\t\t\tjsFileLocation:\"\/\/hotel-arcadien.com\/wp-content\/plugins\/revslider\/public\/assets\/js\/\",\n\t\t\tsliderLayout:\"fullscreen\",\n\t\t\tdottedOverlay:\"none\",\n\t\t\tdelay:3500,\n\t\t\tresponsiveLevels:[1240,1024,778,480],\n\t\t\tvisibilityLevels:[1240,1024,778,480],\n\t\t\tgridwidth:[1200,1200,1024,480],\n\t\t\tgridheight:[868,768,960,720],\n\t\t\tlazyType:\"none\",\n\t\t\tparallax: {\n\t\t\t\ttype:\"mouse\",\n\t\t\t\torigo:\"enterpoint\",\n\t\t\t\tspeed:400,\n\t\t\t\tspeedbg:0,\n\t\t\t\tspeedls:0,\n\t\t\t\tlevels:[5,10,15,20,25,30,35,40,45,46,47,48,49,50,51,55],\n\t\t\t},\n\t\t\tshadow:0,\n\t\t\tspinner:\"spinner4\",\n\t\t\tautoHeight:\"off\",\n\t\t\tfullScreenAutoWidth:\"off\",\n\t\t\tfullScreenAlignForce:\"off\",\n\t\t\tfullScreenOffsetContainer: \"\",\n\t\t\tfullScreenOffset: \"80\",\n\t\t\tdisableProgressBar:\"on\",\n\t\t\thideThumbsOnMobile:\"off\",\n\t\t\thideSliderAtLimit:0,\n\t\t\thideCaptionAtLimit:0,\n\t\t\thideAllCaptionAtLilmit:0,\n\t\t\tdebugMode:false,\n\t\t\tfallbacks: {\n\t\t\t\tsimplifyAll:\"off\",\n\t\t\t\tdisableFocusListener:false,\n\t\t\t}\n\t\t});\n\t}; \/* END OF revapi call *\/\n\t\n }; \/* END OF ON LOAD FUNCTION *\/\r\n}()); \/* END OF WRAPPING FUNCTION *\/\r\n<\/script>\r\n\t\t<script>\r\n\t\t\t\t\tvar htmlDivCss = '\t#rev_slider_9_1_wrapper .tp-loader.spinner4 div { background-color: #FFFFFF !important; } ';\r\n\t\t\t\t\tvar htmlDiv = document.getElementById('rs-plugin-settings-inline-css');\r\n\t\t\t\t\tif(htmlDiv) {\r\n\t\t\t\t\t\thtmlDiv.innerHTML = htmlDiv.innerHTML + htmlDivCss;\r\n\t\t\t\t\t}\r\n\t\t\t\t\telse{\r\n\t\t\t\t\t\tvar htmlDiv = document.createElement('div');\r\n\t\t\t\t\t\thtmlDiv.innerHTML = '<style>' + htmlDivCss + '<\/style>';\r\n\t\t\t\t\t\tdocument.getElementsByTagName('head')[0].appendChild(htmlDiv.childNodes[0]);\r\n\t\t\t\t\t}\r\n\t\t\t\t\t<\/script>\r\n\t\t\t\t\t<\/div><!-- END REVOLUTION SLIDER --><\/div><\/div><\/div><\/div><\/div><\/div><div      class=\"vc_row wpb_row section vc_row-fluid  vc_custom_1547107553027 grid_section\" style=' padding-top:30px; padding-bottom:30px; text-align:left;'><div class=\" section_inner clearfix\"><div class='section_inner_margin clearfix'><div class=\"  element_from_right\"><div><div class=\"wpb_column vc_column_container vc_col-sm-12 vc_col-md-5\"><div class=\"vc_column-inner\"><div class=\"wpb_wrapper\"><div class='q_elements_holder one_column responsive_mode_from_768' ><div class='q_elements_item ' data-animation='no'><div class='q_elements_item_inner'><div class='q_elements_item_content q_elements_holder_custom_541851' style='padding:62px 40px 0 10px'><style type=\"text\/css\" data-type=\"q_elements_custom_padding\" scoped>@media only screen and (min-width: 1024px) and (max-width: 1280px) { .q_elements_item_content.q_elements_holder_custom_541851{ padding: 72px 40px 0 0 !important;}}@media only screen and (min-width: 768px) and (max-width: 1024px) { .q_elements_item_content.q_elements_holder_custom_541851{ padding: 35px 40px 0 0 !important;}}@media only screen and (min-width: 600px) and (max-width: 768px) { .q_elements_item_content.q_elements_holder_custom_541851{ padding: 0px 40px 60px 0 !important;}}@media only screen and (min-width: 480px) and (max-width: 600px) { .q_elements_item_content.q_elements_holder_custom_541851{ padding: 0 0 60px 0 !important;}}@media only screen and (max-width: 480px) { .q_elements_item_content.q_elements_holder_custom_541851{ padding: 0 0 60px 0 !important;}}<\/style>\n\t<div class=\"wpb_text_column wpb_content_element \">\n\t\t<div class=\"wpb_wrapper\">\n\t\t\t<h2><span style=\"color: #f7f7f0;\">Offre Sp\u00e9ciale No\u00ebl<\/span><\/h2>\n\n\t\t<\/div> \n\t<\/div> <div class=\"separator  small left  \" style=\"margin-top: 28px;margin-bottom: 39px;background-color: #f7f7f0;height: 2px;width: 100px;\"><\/div>\n\n\t<div class=\"wpb_text_column wpb_content_element \">\n\t\t<div class=\"wpb_wrapper\">\n\t\t\t<p><span style=\"color: #f7f7f0;\">En r\u00e9servant en direct sur notre site vous b\u00e9n\u00e9ficiez d\u2019une r\u00e9duction de 15% sur la p\u00e9riode du 17 au 23 d\u00e9cembre inclus.<\/span><\/p>\n\n\t\t<\/div> \n\t<\/div> \t<div class=\"vc_empty_space\"  style=\"height: 20px\" ><span\n\t\t\tclass=\"vc_empty_space_inner\">\n\t\t\t<span class=\"empty_space_image\"  ><\/span>\n\t\t<\/span><\/div>\n\n<\/div><\/div><\/div><\/div><\/div><\/div><\/div><div class=\"wpb_column vc_column_container vc_col-sm-12 vc_col-md-7\"><div class=\"vc_column-inner\"><div class=\"wpb_wrapper\"><div class='q_elements_holder one_column responsive_mode_from_768' ><div class='q_elements_item ' data-animation='no'><div class='q_elements_item_inner'><div class='q_elements_item_content q_elements_holder_custom_390560' style='padding:0 0px 0 41px'><style type=\"text\/css\" data-type=\"q_elements_custom_padding\" scoped>@media only screen and (min-width: 600px) and (max-width: 768px) { .q_elements_item_content.q_elements_holder_custom_390560{ padding: 0 0px 0 0px !important;}}@media only screen and (min-width: 480px) and (max-width: 600px) { .q_elements_item_content.q_elements_holder_custom_390560{ padding: 0 0px 0 0px !important;}}@media only screen and (max-width: 480px) { .q_elements_item_content.q_elements_holder_custom_390560{ padding: 0 0px 0 0px !important;}}<\/style>\n\t<div class=\"wpb_single_image wpb_content_element vc_align_left\">\n\t\t<div class=\"wpb_wrapper\">\n\t\t\t\n\t\t\t<div class=\"vc_single_image-wrapper   vc_box_border_grey\"><img loading=\"lazy\" decoding=\"async\" width=\"800\" height=\"531\" src=\"https:\/\/hotel-arcadien.com\/wp-content\/uploads\/2019\/01\/promo-noel.gif\" class=\"vc_single_image-img attachment-full\" alt=\"\" \/><\/div>\n\t\t<\/div>\n\t<\/div>\n<\/div><\/div><\/div><\/div><\/div><\/div><\/div><\/div><\/div><\/div><\/div><\/div><div      class=\"vc_row wpb_row section vc_row-fluid  vc_custom_1547139683684 grid_section\" style='background-color:#1f2a36; padding-top:30px; padding-bottom:30px; text-align:left;'><div class=\" section_inner clearfix\"><div class='section_inner_margin clearfix'><div class=\"  element_from_right\"><div><div class=\"wpb_column vc_column_container vc_col-sm-12 vc_col-md-5\"><div class=\"vc_column-inner\"><div class=\"wpb_wrapper\"><div class='q_elements_holder one_column responsive_mode_from_768' ><div class='q_elements_item ' data-animation='no'><div class='q_elements_item_inner'><div class='q_elements_item_content q_elements_holder_custom_119247' style='padding:20px 40px 0 10px'><style type=\"text\/css\" data-type=\"q_elements_custom_padding\" scoped>@media only screen and (min-width: 1024px) and (max-width: 1280px) { .q_elements_item_content.q_elements_holder_custom_119247{ padding: 72px 40px 0 0 !important;}}@media only screen and (min-width: 768px) and (max-width: 1024px) { .q_elements_item_content.q_elements_holder_custom_119247{ padding: 35px 40px 0 0 !important;}}@media only screen and (min-width: 600px) and (max-width: 768px) { .q_elements_item_content.q_elements_holder_custom_119247{ padding: 0px 40px 60px 0 !important;}}@media only screen and (min-width: 480px) and (max-width: 600px) { .q_elements_item_content.q_elements_holder_custom_119247{ padding: 0 0 60px 0 !important;}}@media only screen and (max-width: 480px) { .q_elements_item_content.q_elements_holder_custom_119247{ padding: 0 0 60px 0 !important;}}<\/style>\n\t<div class=\"wpb_text_column wpb_content_element \">\n\t\t<div class=\"wpb_wrapper\">\n\t\t\t<h2><span style=\"color: #f7f7f0;\">Meilleurs tarifs garantis<\/span><\/h2>\n\n\t\t<\/div> \n\t<\/div> <div class=\"separator  small left  \" style=\"margin-top: 28px;margin-bottom: 39px;background-color: #f7f7f0;height: 2px;width: 100px;\"><\/div>\n\n\t<div class=\"wpb_text_column wpb_content_element \">\n\t\t<div class=\"wpb_wrapper\">\n\t\t\t<div><span style=\"color: #f7f7f0;\">Pour r\u00e9server au meilleur tarif, r\u00e9servez en direct sur notre site ou par mail \u00e0\u00a0<a style=\"color: #f7f7f0;\" target=\"_blank\" rel=\"noopener noreferrer\">reservation@hotel-arcadien.com<\/a>\u00a0<\/span><\/div>\n<div><span style=\"color: #f7f7f0;\">Vous profiterez ainsi des meilleurs offres en cours<\/span><\/div>\n\n\t\t<\/div> \n\t<\/div> \t<div class=\"vc_empty_space\"  style=\"height: 20px\" ><span\n\t\t\tclass=\"vc_empty_space_inner\">\n\t\t\t<span class=\"empty_space_image\"  ><\/span>\n\t\t<\/span><\/div>\n\n<\/div><\/div><\/div><\/div><\/div><\/div><\/div><div class=\"wpb_column vc_column_container vc_col-sm-12 vc_col-md-7\"><div class=\"vc_column-inner\"><div class=\"wpb_wrapper\"><div class='q_elements_holder one_column responsive_mode_from_768' ><div class='q_elements_item ' data-animation='no'><div class='q_elements_item_inner'><div class='q_elements_item_content q_elements_holder_custom_698582' style='padding:0 0px 0 41px'><style type=\"text\/css\" data-type=\"q_elements_custom_padding\" scoped>@media only screen and (min-width: 600px) and (max-width: 768px) { .q_elements_item_content.q_elements_holder_custom_698582{ padding: 0 0px 0 0px !important;}}@media only screen and (min-width: 480px) and (max-width: 600px) { .q_elements_item_content.q_elements_holder_custom_698582{ padding: 0 0px 0 0px !important;}}@media only screen and (max-width: 480px) { .q_elements_item_content.q_elements_holder_custom_698582{ padding: 0 0px 0 0px !important;}}<\/style><div class=\"wpb_gallery wpb_content_element vc_clearfix\"><div class=\"wpb_wrapper\"><div class=\"wpb_gallery_slides wpb_flexslider flexslider_fade flexslider\" data-interval=\"3\" data-flex_fx=\"fade\"><ul class=\"slides\"><li><a itemprop=\"image\" class=\"qode-prettyphoto\" href=\"https:\/\/hotel-arcadien.com\/wp-content\/uploads\/2022\/10\/meilluers-tarifs-garantis.jpg\" data-rel=\"prettyPhoto[rel-646-1402051326]\"><img loading=\"lazy\" decoding=\"async\" width=\"800\" height=\"551\" src=\"https:\/\/hotel-arcadien.com\/wp-content\/uploads\/2022\/10\/meilluers-tarifs-garantis.jpg\" class=\"attachment-full\" alt=\"\" srcset=\"https:\/\/hotel-arcadien.com\/wp-content\/uploads\/2022\/10\/meilluers-tarifs-garantis.jpg 800w, https:\/\/hotel-arcadien.com\/wp-content\/uploads\/2022\/10\/meilluers-tarifs-garantis-300x207.jpg 300w, https:\/\/hotel-arcadien.com\/wp-content\/uploads\/2022\/10\/meilluers-tarifs-garantis-768x529.jpg 768w, https:\/\/hotel-arcadien.com\/wp-content\/uploads\/2022\/10\/meilluers-tarifs-garantis-700x482.jpg 700w\" sizes=\"(max-width: 800px) 100vw, 800px\" \/><\/a><\/li><\/ul><\/div><\/div><\/div><\/div><\/div><\/div><\/div><\/div><\/div><\/div><\/div><\/div><\/div><\/div><\/div><div      class=\"vc_row wpb_row section vc_row-fluid  vc_custom_1547107553027 grid_section\" style=' padding-top:30px; padding-bottom:30px; text-align:left;'><div class=\" section_inner clearfix\"><div class='section_inner_margin clearfix'><div class=\"  element_from_right\"><div><div class=\"wpb_column vc_column_container vc_col-sm-12 vc_col-md-5\"><div class=\"vc_column-inner\"><div class=\"wpb_wrapper\"><div class='q_elements_holder one_column responsive_mode_from_768' ><div class='q_elements_item ' data-animation='no'><div class='q_elements_item_inner'><div class='q_elements_item_content q_elements_holder_custom_205668' style='padding:62px 40px 0 10px'><style type=\"text\/css\" data-type=\"q_elements_custom_padding\" scoped>@media only screen and (min-width: 1024px) and (max-width: 1280px) { .q_elements_item_content.q_elements_holder_custom_205668{ padding: 72px 40px 0 0 !important;}}@media only screen and (min-width: 768px) and (max-width: 1024px) { .q_elements_item_content.q_elements_holder_custom_205668{ padding: 35px 40px 0 0 !important;}}@media only screen and (min-width: 600px) and (max-width: 768px) { .q_elements_item_content.q_elements_holder_custom_205668{ padding: 0px 40px 60px 0 !important;}}@media only screen and (min-width: 480px) and (max-width: 600px) { .q_elements_item_content.q_elements_holder_custom_205668{ padding: 0 0 60px 0 !important;}}@media only screen and (max-width: 480px) { .q_elements_item_content.q_elements_holder_custom_205668{ padding: 0 0 60px 0 !important;}}<\/style>\n\t<div class=\"wpb_text_column wpb_content_element \">\n\t\t<div class=\"wpb_wrapper\">\n\t\t\t<h2><span style=\"color: #f7f7f0;\">Offres Sp\u00e9ciales Et\u00e9<\/span><\/h2>\n\n\t\t<\/div> \n\t<\/div> <div class=\"separator  small left  \" style=\"margin-top: 28px;margin-bottom: 39px;background-color: #f7f7f0;height: 2px;width: 100px;\"><\/div>\n\n\t<div class=\"wpb_text_column wpb_content_element \">\n\t\t<div class=\"wpb_wrapper\">\n\t\t\t<p><span style=\"color: #f7f7f0;\">D\u00e9couvrez nos offres sp\u00e9ciales Et\u00e9 au printemps 2023<\/span><\/p>\n\n\t\t<\/div> \n\t<\/div> \t<div class=\"vc_empty_space\"  style=\"height: 20px\" ><span\n\t\t\tclass=\"vc_empty_space_inner\">\n\t\t\t<span class=\"empty_space_image\"  ><\/span>\n\t\t<\/span><\/div>\n\n\n\n\t<a href=\"https:\/\/www.hotel-arcadien.com\/wp-content\/uploads\/2022\/07\/ARCADIEN-OFFRE-SPECIALE-COCOONING-ETE-2022-1.pdf\" target=\"_blank\" style=\"color: #ffffff;background-color: #1f2a36\" class=\"qode-btn qode-btn-medium qode-btn-solid qode-btn-custom-hover-bg qode-btn-custom-hover-color qode-btn-default-hover\" data-hover-bg-color=\"#999087\" data-hover-color=\"#ffffff\" >\n\t    <span class=\"qode-btn-text\">Offre Cocooning<\/span>\t<\/a>\n\n\t<div class=\"vc_empty_space\"  style=\"height: 20px\" ><span\n\t\t\tclass=\"vc_empty_space_inner\">\n\t\t\t<span class=\"empty_space_image\"  ><\/span>\n\t\t<\/span><\/div>\n\n\n\n\t<a href=\"https:\/\/www.hotel-arcadien.com\/wp-content\/uploads\/2022\/07\/ARCADIEN-OFFRE-SPECIALE-SEJOUR-DETENTE-ETE-2022-.pdf\" target=\"_blank\" style=\"color: #ffffff;background-color: #1f2a36\" class=\"qode-btn qode-btn-medium qode-btn-solid qode-btn-custom-hover-bg qode-btn-custom-hover-color qode-btn-default-hover\" data-hover-bg-color=\"#999087\" data-hover-color=\"#ffffff\" >\n\t    <span class=\"qode-btn-text\">Offre S\u00e9jour D\u00e9tente<\/span>\t<\/a>\n\n<\/div><\/div><\/div><\/div><\/div><\/div><\/div><div class=\"wpb_column vc_column_container vc_col-sm-12 vc_col-md-7\"><div class=\"vc_column-inner\"><div class=\"wpb_wrapper\"><div class='q_elements_holder one_column responsive_mode_from_768' ><div class='q_elements_item ' data-animation='no'><div class='q_elements_item_inner'><div class='q_elements_item_content q_elements_holder_custom_696054' style='padding:0 0px 0 41px'><style type=\"text\/css\" data-type=\"q_elements_custom_padding\" scoped>@media only screen and (min-width: 600px) and (max-width: 768px) { .q_elements_item_content.q_elements_holder_custom_696054{ padding: 0 0px 0 0px !important;}}@media only screen and (min-width: 480px) and (max-width: 600px) { .q_elements_item_content.q_elements_holder_custom_696054{ padding: 0 0px 0 0px !important;}}@media only screen and (max-width: 480px) { .q_elements_item_content.q_elements_holder_custom_696054{ padding: 0 0px 0 0px !important;}}<\/style>\n\t<div class=\"wpb_single_image wpb_content_element vc_align_left\">\n\t\t<div class=\"wpb_wrapper\">\n\t\t\t\n\t\t\t<div class=\"vc_single_image-wrapper   vc_box_border_grey\"><img loading=\"lazy\" decoding=\"async\" width=\"800\" height=\"531\" src=\"https:\/\/hotel-arcadien.com\/wp-content\/uploads\/2019\/06\/ARCADIEN-MONTAGNE-ETE.jpg\" class=\"vc_single_image-img attachment-full\" alt=\"\" srcset=\"https:\/\/hotel-arcadien.com\/wp-content\/uploads\/2019\/06\/ARCADIEN-MONTAGNE-ETE.jpg 800w, https:\/\/hotel-arcadien.com\/wp-content\/uploads\/2019\/06\/ARCADIEN-MONTAGNE-ETE-300x199.jpg 300w, https:\/\/hotel-arcadien.com\/wp-content\/uploads\/2019\/06\/ARCADIEN-MONTAGNE-ETE-768x510.jpg 768w, https:\/\/hotel-arcadien.com\/wp-content\/uploads\/2019\/06\/ARCADIEN-MONTAGNE-ETE-700x465.jpg 700w\" sizes=\"(max-width: 800px) 100vw, 800px\" \/><\/div>\n\t\t<\/div>\n\t<\/div>\n<\/div><\/div><\/div><\/div><\/div><\/div><\/div><\/div><\/div><\/div><\/div><\/div><div      class=\"vc_row wpb_row section vc_row-fluid \" style=' text-align:left;'><div class=\" full_section_inner clearfix\"><div class=\"wpb_column vc_column_container vc_col-sm-12\"><div class=\"vc_column-inner\"><div class=\"wpb_wrapper\"><div class=\"separator  normal   \" style=\"background-color: #f7f7f0;height: 1px;\"><\/div>\n<\/div><\/div><\/div><\/div><\/div>\n","protected":false},"excerpt":{"rendered":"PROMOTIONS Vous aimez les bons plans? &PACKAGES var htmlDiv = document.getElementById(\"rs-plugin-settings-inline-css\"); var htmlDivCss=\"\"; if(htmlDiv) { htmlDiv.innerHTML = htmlDiv.innerHTML + htmlDivCss; }else{ var htmlDiv = document.createElement(\"div\"); htmlDiv.innerHTML = \"\" + htmlDivCss + \"\"; document.getElementsByTagName(\"head\")[0].appendChild(htmlDiv.childNodes[0]); } if (setREVStartSize!==undefined) setREVStartSize( {c: '#rev_slider_9_2', responsiveLevels: [1240,1024,778,480], gridwidth: [1200,1200,1024,480], gridheight: [868,768,960,720],...","protected":false},"author":1,"featured_media":0,"parent":0,"menu_order":0,"comment_status":"closed","ping_status":"closed","template":"full_width.php","meta":{"_exactmetrics_skip_tracking":false,"_exactmetrics_sitenote_active":false,"_exactmetrics_sitenote_note":"","_exactmetrics_sitenote_category":0,"footnotes":""},"_links":{"self":[{"href":"https:\/\/hotel-arcadien.com\/nl\/wp-json\/wp\/v2\/pages\/646"}],"collection":[{"href":"https:\/\/hotel-arcadien.com\/nl\/wp-json\/wp\/v2\/pages"}],"about":[{"href":"https:\/\/hotel-arcadien.com\/nl\/wp-json\/wp\/v2\/types\/page"}],"author":[{"embeddable":true,"href":"https:\/\/hotel-arcadien.com\/nl\/wp-json\/wp\/v2\/users\/1"}],"replies":[{"embeddable":true,"href":"https:\/\/hotel-arcadien.com\/nl\/wp-json\/wp\/v2\/comments?post=646"}],"version-history":[{"count":24,"href":"https:\/\/hotel-arcadien.com\/nl\/wp-json\/wp\/v2\/pages\/646\/revisions"}],"predecessor-version":[{"id":1486,"href":"https:\/\/hotel-arcadien.com\/nl\/wp-json\/wp\/v2\/pages\/646\/revisions\/1486"}],"wp:attachment":[{"href":"https:\/\/hotel-arcadien.com\/nl\/wp-json\/wp\/v2\/media?parent=646"}],"curies":[{"name":"wp","href":"https:\/\/api.w.org\/{rel}","templated":true}]}}